{"id":1007,"date":"2021-06-28T09:17:19","date_gmt":"2021-06-28T07:17:19","guid":{"rendered":"http:\/\/musikhaus-ev-berlin.de\/?page_id=1007"},"modified":"2021-09-08T14:25:49","modified_gmt":"2021-09-08T12:25:49","slug":"gemischter-chor","status":"publish","type":"page","link":"https:\/\/musikhaus-ev-berlin.de\/index.php\/gemischter-chor\/","title":{"rendered":"Gemischter Chor"},"content":{"rendered":"\n<h2 class=\"has-nv-c-1-color has-text-color wp-block-heading\">Gemischter Chor<\/h2>\n\n\n\n<hr class=\"wp-block-separator has-text-color has-background has-neve-link-color-background-color has-neve-link-color-color is-style-wide\"\/>\n\n\n\n<div class=\"wp-block-columns is-layout-flex wp-container-core-columns-is-layout-9d6595d7 wp-block-columns-is-layout-flex\">\n<div class=\"wp-block-column is-layout-flow wp-block-column-is-layout-flow\">\n<figure class=\"wp-block-image size-large is-style-default\"><img loading=\"lazy\" decoding=\"async\" width=\"550\" height=\"225\" src=\"http:\/\/musikhaus-ev-berlin.de\/wp-content\/uploads\/2021\/06\/gemischter-chor_full.jpg\" alt=\"Foto Gemischter Chor\" class=\"wp-image-1058\" srcset=\"https:\/\/musikhaus-ev-berlin.de\/wp-content\/uploads\/2021\/06\/gemischter-chor_full.jpg 550w, https:\/\/musikhaus-ev-berlin.de\/wp-content\/uploads\/2021\/06\/gemischter-chor_full-300x123.jpg 300w\" sizes=\"auto, (max-width: 550px) 100vw, 550px\" \/><\/figure>\n\n\n\n<p>H<\/p>\n\n\n\n<p>Hier kann jeder mitsingen, der gern in der Gruppe singt. Besonders freuen wir uns auf junge Leute, die entweder noch im Schulchor oder dem Schulchor entwachsen sind, sich den gro\u00dfen Ch\u00f6ren mit ihren Vorsingen und Oratorien noch nicht gewachsen f\u00fchlen. Hier bieten wir einen guten \u00dcbergang.<br>Wir verstehen uns ausdr\u00fccklich als ein Chor, in dem man etwas lernen kann. Ch\u00f6re, in denen alles vorausgesetzt wird, gibt es in Berlin genug.Die einzige Voraussetzung, die unsere S\u00e4ngerinnen und S\u00e4nger erf\u00fcllen sollten: Lust zum Singen und eine gewisse Zuverl\u00e4ssigkeit und Integrit\u00e4t.<\/p>\n<\/div>\n\n\n\n<div class=\"wp-block-column is-layout-flow wp-block-column-is-layout-flow\">\n<p>F\u00fcr Menschen, die ein Instrument lernen, ist das Singen im Chor eine gute Erg\u00e4nzung.<br>Das Repertoire ist bunt gemischt, Es beginnt in der Renaissance und endet heute. Wir singen in vielen Stilen und ganz verschiedenen Sprachen.<br>Wir treten zwei- bis dreimal im Jahr auf, meist im Sommer und in der Adventszeit. F\u00fcr diejenigen unter uns, die ein Instrument spielen, bieten unsere Konzerte eine regelm\u00e4\u00dfige Auftrittsplattform. Einmal im Jahr unternehmen wir eine Chorfahrt und proben vor den Auftritten etwas intensiver.<br>Das ideale Einstiegsalter betr\u00e4gt 14 bis 18 Jahre. Junge M\u00e4nner sollten den Stimmbruch hinter sich haben. Ein sp\u00e4terer Beginn ist ebenfalls m\u00f6glich.<\/p>\n\n\n\n<p>F\u00fcr die Mitwirkung im Chor ist eine vertragliche Probezeit vorgesehen. Da man Arbeitsergebnisse im Ensemble fast nie nach einer einzelnen \u201eProbestunde\u201c beurteilen kann, gew\u00e4hren wir die M\u00f6glichkeit, den Vertrag zur vierten Unterrichtseinheit, sprich Chorprobe, zu beenden.<br>Nach erfolgreicher Probezeit wird mit dem Musikhaus eine Vereinbarung \u00fcber die Chorteilnahme abgeschlossen. Diese Vereinbarung kann jeweils zum Monatsende mit 3 Monaten Vorlaufzeit gek\u00fcndigt werden.<\/p>\n\n\n\n<p><strong>Leitung: Sigrid H\u00f6hne-Friedrich<\/strong><\/p>\n\n\n\n<div style=\"height:20px\" aria-hidden=\"true\" class=\"wp-block-spacer\"><\/div>\n\n\n\n<figure class=\"wp-block-image size-large is-resized is-style-default\"><img loading=\"lazy\" decoding=\"async\" src=\"http:\/\/musikhaus-ev-berlin.de\/wp-content\/uploads\/2021\/06\/kreis_gruen_transparent.png\" alt=\"Musikhaus Kreislogo\" class=\"wp-image-955\" width=\"50\" height=\"50\" srcset=\"https:\/\/musikhaus-ev-berlin.de\/wp-content\/uploads\/2021\/06\/kreis_gruen_transparent.png 578w, https:\/\/musikhaus-ev-berlin.de\/wp-content\/uploads\/2021\/06\/kreis_gruen_transparent-300x297.png 300w, https:\/\/musikhaus-ev-berlin.de\/wp-content\/uploads\/2021\/06\/kreis_gruen_transparent-150x150.png 150w\" sizes=\"auto, (max-width: 50px) 100vw, 50px\" \/><\/figure>\n<\/div>\n<\/div>\n","protected":false},"excerpt":{"rendered":"<p>Gemischter Chor H Hier kann jeder mitsingen, der gern in der Gruppe singt. Besonders freuen wir uns auf junge Leute, die entweder noch im Schulchor oder dem Schulchor entwachsen sind, sich den gro\u00dfen Ch\u00f6ren mit ihren Vorsingen und Oratorien noch nicht gewachsen f\u00fchlen. Hier bieten wir einen guten \u00dcbergang.Wir verstehen uns ausdr\u00fccklich als ein Chor,&hellip;&nbsp;<a href=\"https:\/\/musikhaus-ev-berlin.de\/index.php\/gemischter-chor\/\" rel=\"bookmark\">Weiterlesen &raquo;<span class=\"screen-reader-text\">Gemischter Chor<\/span><\/a><\/p>\n","protected":false},"author":1,"featured_media":0,"parent":0,"menu_order":0,"comment_status":"closed","ping_status":"closed","template":"","meta":{"neve_meta_sidebar":"full-width","neve_meta_container":"","neve_meta_enable_content_width":"on","neve_meta_content_width":100,"neve_meta_title_alignment":"","neve_meta_author_avatar":"","neve_post_elements_order":"","neve_meta_disable_header":"","neve_meta_disable_footer":"","neve_meta_disable_title":"on","_themeisle_gutenberg_block_has_review":false,"footnotes":""},"class_list":["post-1007","page","type-page","status-publish","hentry"],"_links":{"self":[{"href":"https:\/\/musikhaus-ev-berlin.de\/index.php\/wp-json\/wp\/v2\/pages\/1007","targetHints":{"allow":["GET"]}}],"collection":[{"href":"https:\/\/musikhaus-ev-berlin.de\/index.php\/wp-json\/wp\/v2\/pages"}],"about":[{"href":"https:\/\/musikhaus-ev-berlin.de\/index.php\/wp-json\/wp\/v2\/types\/page"}],"author":[{"embeddable":true,"href":"https:\/\/musikhaus-ev-berlin.de\/index.php\/wp-json\/wp\/v2\/users\/1"}],"replies":[{"embeddable":true,"href":"https:\/\/musikhaus-ev-berlin.de\/index.php\/wp-json\/wp\/v2\/comments?post=1007"}],"version-history":[{"count":12,"href":"https:\/\/musikhaus-ev-berlin.de\/index.php\/wp-json\/wp\/v2\/pages\/1007\/revisions"}],"predecessor-version":[{"id":1628,"href":"https:\/\/musikhaus-ev-berlin.de\/index.php\/wp-json\/wp\/v2\/pages\/1007\/revisions\/1628"}],"wp:attachment":[{"href":"https:\/\/musikhaus-ev-berlin.de\/index.php\/wp-json\/wp\/v2\/media?parent=1007"}],"curies":[{"name":"wp","href":"https:\/\/api.w.org\/{rel}","templated":true}]}}