{"id":1042,"date":"2021-06-28T09:48:14","date_gmt":"2021-06-28T07:48:14","guid":{"rendered":"http:\/\/musikhaus-ev-berlin.de\/?page_id=1042"},"modified":"2021-07-01T14:19:38","modified_gmt":"2021-07-01T12:19:38","slug":"saxophon-ensemble","status":"publish","type":"page","link":"https:\/\/musikhaus-ev-berlin.de\/index.php\/saxophon-ensemble\/","title":{"rendered":"Saxophon-Ensemble"},"content":{"rendered":"\n<h2 class=\"has-nv-c-1-color has-text-color wp-block-heading\">Saxophon-Ensemble<\/h2>\n\n\n\n<hr class=\"wp-block-separator has-text-color has-background has-neve-link-color-background-color has-neve-link-color-color is-style-wide\"\/>\n\n\n\n<div class=\"wp-block-columns is-layout-flex wp-container-core-columns-is-layout-9d6595d7 wp-block-columns-is-layout-flex\">\n<div class=\"wp-block-column is-layout-flow wp-block-column-is-layout-flow\">\n<figure class=\"wp-block-image size-large is-style-default\"><img loading=\"lazy\" decoding=\"async\" width=\"509\" height=\"550\" src=\"http:\/\/musikhaus-ev-berlin.de\/wp-content\/uploads\/2021\/06\/saxofonensemble-berlin_full.jpg\" alt=\"Foto Saxophon-Ensemble\" class=\"wp-image-1056\" srcset=\"https:\/\/musikhaus-ev-berlin.de\/wp-content\/uploads\/2021\/06\/saxofonensemble-berlin_full.jpg 509w, https:\/\/musikhaus-ev-berlin.de\/wp-content\/uploads\/2021\/06\/saxofonensemble-berlin_full-278x300.jpg 278w\" sizes=\"auto, (max-width: 509px) 100vw, 509px\" \/><\/figure>\n<\/div>\n\n\n\n<div class=\"wp-block-column is-layout-flow wp-block-column-is-layout-flow\">\n<p>Wer hat Lust mitzuspielen?<br>Derzeit besteht die Besetzung aus drei Alt-, einem Tenor- und einem Baritonsaxophon.<br>Wir spielen groovelastige und klangvolle Songs aus S\u00fcdafrika, Blues, Salsa, Reggae, Jazz und Tango mit integrierten Improvisationsparts \u00fcber einfache Akkordschemen und Formen im mittelschweren Level.<br>Die Proben werden genutzt f\u00fcr Groovetraining, die Verfeinerung des Zusammenspiels in Intonation, Phrasierung, Rhythmik, strukturellem Verst\u00e4ndnis der Songs etc. und Auftrittsvorbereitung, mitunter auch workshopartig f\u00fcr neuen Improvisationsinput.<br>Mehrmals im Jahr gibt es Auftritte, u.a. bei Veranstaltungen im Kiez, bei Klassenvorspielen, Musikschulkonzerten und Feiern.<br>Die Proben finden ein- bis zweimal monatlich, meist Samstagvormittag nach Absprache im MUSIKHAUS statt.<\/p>\n\n\n\n<p><strong>Leitung: Andreas Kaufmann<\/strong><\/p>\n\n\n\n<div style=\"height:20px\" aria-hidden=\"true\" class=\"wp-block-spacer\"><\/div>\n\n\n\n<figure class=\"wp-block-image size-large is-resized is-style-default\"><img loading=\"lazy\" decoding=\"async\" src=\"http:\/\/musikhaus-ev-berlin.de\/wp-content\/uploads\/2021\/06\/kreis_gruen_transparent.png\" alt=\"Musikhaus Kreislogo\" class=\"wp-image-955\" width=\"50\" height=\"50\" srcset=\"https:\/\/musikhaus-ev-berlin.de\/wp-content\/uploads\/2021\/06\/kreis_gruen_transparent.png 578w, https:\/\/musikhaus-ev-berlin.de\/wp-content\/uploads\/2021\/06\/kreis_gruen_transparent-300x297.png 300w, https:\/\/musikhaus-ev-berlin.de\/wp-content\/uploads\/2021\/06\/kreis_gruen_transparent-150x150.png 150w\" sizes=\"auto, (max-width: 50px) 100vw, 50px\" \/><\/figure>\n<\/div>\n<\/div>\n","protected":false},"excerpt":{"rendered":"<p>Saxophon-Ensemble Wer hat Lust mitzuspielen?Derzeit besteht die Besetzung aus drei Alt-, einem Tenor- und einem Baritonsaxophon.Wir spielen groovelastige und klangvolle Songs aus S\u00fcdafrika, Blues, Salsa, Reggae, Jazz und Tango mit integrierten Improvisationsparts \u00fcber einfache Akkordschemen und Formen im mittelschweren Level.Die Proben werden genutzt f\u00fcr Groovetraining, die Verfeinerung des Zusammenspiels in Intonation, Phrasierung, Rhythmik, strukturellem Verst\u00e4ndnis&hellip;&nbsp;<a href=\"https:\/\/musikhaus-ev-berlin.de\/index.php\/saxophon-ensemble\/\" rel=\"bookmark\">Weiterlesen &raquo;<span class=\"screen-reader-text\">Saxophon-Ensemble<\/span><\/a><\/p>\n","protected":false},"author":1,"featured_media":0,"parent":0,"menu_order":0,"comment_status":"closed","ping_status":"closed","template":"","meta":{"neve_meta_sidebar":"full-width","neve_meta_container":"","neve_meta_enable_content_width":"on","neve_meta_content_width":100,"neve_meta_title_alignment":"","neve_meta_author_avatar":"","neve_post_elements_order":"","neve_meta_disable_header":"","neve_meta_disable_footer":"","neve_meta_disable_title":"on","_themeisle_gutenberg_block_has_review":false,"footnotes":""},"class_list":["post-1042","page","type-page","status-publish","hentry"],"_links":{"self":[{"href":"https:\/\/musikhaus-ev-berlin.de\/index.php\/wp-json\/wp\/v2\/pages\/1042","targetHints":{"allow":["GET"]}}],"collection":[{"href":"https:\/\/musikhaus-ev-berlin.de\/index.php\/wp-json\/wp\/v2\/pages"}],"about":[{"href":"https:\/\/musikhaus-ev-berlin.de\/index.php\/wp-json\/wp\/v2\/types\/page"}],"author":[{"embeddable":true,"href":"https:\/\/musikhaus-ev-berlin.de\/index.php\/wp-json\/wp\/v2\/users\/1"}],"replies":[{"embeddable":true,"href":"https:\/\/musikhaus-ev-berlin.de\/index.php\/wp-json\/wp\/v2\/comments?post=1042"}],"version-history":[{"count":7,"href":"https:\/\/musikhaus-ev-berlin.de\/index.php\/wp-json\/wp\/v2\/pages\/1042\/revisions"}],"predecessor-version":[{"id":1319,"href":"https:\/\/musikhaus-ev-berlin.de\/index.php\/wp-json\/wp\/v2\/pages\/1042\/revisions\/1319"}],"wp:attachment":[{"href":"https:\/\/musikhaus-ev-berlin.de\/index.php\/wp-json\/wp\/v2\/media?parent=1042"}],"curies":[{"name":"wp","href":"https:\/\/api.w.org\/{rel}","templated":true}]}}