{"id":1063,"date":"2021-06-28T10:06:01","date_gmt":"2021-06-28T08:06:01","guid":{"rendered":"http:\/\/musikhaus-ev-berlin.de\/?page_id=1063"},"modified":"2021-07-23T12:35:58","modified_gmt":"2021-07-23T10:35:58","slug":"musikhaus","status":"publish","type":"page","link":"https:\/\/musikhaus-ev-berlin.de\/index.php\/musikhaus\/","title":{"rendered":"Musikhaus"},"content":{"rendered":"\n<h2 class=\"has-nv-c-1-color has-text-color wp-block-heading\">Das &#8222;Musikhaus e.V.&#8220;<\/h2>\n\n\n\n<hr class=\"wp-block-separator has-text-color has-background has-neve-link-color-background-color has-neve-link-color-color is-style-wide\"\/>\n\n\n\n<div class=\"wp-block-columns is-layout-flex wp-container-core-columns-is-layout-9d6595d7 wp-block-columns-is-layout-flex\">\n<div class=\"wp-block-column is-layout-flow wp-block-column-is-layout-flow\">\n<figure class=\"wp-block-image size-large is-style-default\"><img loading=\"lazy\" decoding=\"async\" width=\"1024\" height=\"768\" src=\"http:\/\/musikhaus-ev-berlin.de\/wp-content\/uploads\/2021\/07\/musikhaus_rasen-1024x768.png\" alt=\"Foto Musikhaus\" class=\"wp-image-1551\" srcset=\"https:\/\/musikhaus-ev-berlin.de\/wp-content\/uploads\/2021\/07\/musikhaus_rasen-1024x768.png 1024w, https:\/\/musikhaus-ev-berlin.de\/wp-content\/uploads\/2021\/07\/musikhaus_rasen-300x225.png 300w, https:\/\/musikhaus-ev-berlin.de\/wp-content\/uploads\/2021\/07\/musikhaus_rasen-768x576.png 768w, https:\/\/musikhaus-ev-berlin.de\/wp-content\/uploads\/2021\/07\/musikhaus_rasen.png 1200w\" sizes=\"auto, (max-width: 1024px) 100vw, 1024px\" \/><\/figure>\n\n\n\n<p>Musizieren aus Lust &#8211; ein Instrument lernen aus den individuellen F\u00e4higkeiten und W\u00fcnschen heraus, unabh\u00e4ngig von besonderen musikalischen Begabungen, Zensuren und Leistungsdruck, der Lehrer als sensibler Partner des Sch\u00fclers, ein breites Spektrum an k\u00fcnstlerischen Angeboten entwickeln, um der Vielfalt musikalischer und k\u00fcnstlerischer Interessen gerecht zu werden, verbindende Erlebnisse schaffen durch gemeinsames Musizieren mit anderen Sch\u00fclern und Lehrern, durch Musikhausfeste, Musizierstunden, Konzerte, Fahrten und vieles mehr, so da\u00df eine richtige \u201cMusikhaus-Familie\u201d entsteht &#8211; offen sein f\u00fcr jung und alt &#8211; auch professionell genug, um besonders begabte Sch\u00fcler auf ein Hochschulstudium vorzubereiten: das waren die Ideen, die die Gruppe junger Musiker und P\u00e4dagogen hatte, als sie sich im M\u00e4rz 1990 entschlo\u00df, die erste freie Musikschule Berlins zu gr\u00fcnden.<\/p>\n<\/div>\n\n\n\n<div class=\"wp-block-column is-layout-flow wp-block-column-is-layout-flow\">\n<p>Mittlerweile haben mehrere tausend Sch\u00fcler eine musikalische Ausbildung an unserer Einrichtung erhalten; viele konnten sich solide Grundlagen f\u00fcr ein sch\u00f6nes Hobby und einen aktiven Freizeitausgleich erarbeiten, einige haben ihr Hobby zum Beruf gemacht und einen Musikberuf erlernt.<\/p>\n\n\n\n<p>Am MUSIKHAUS gibt es es eine breite Angebotspalette f\u00fcr jedes Alter. Der Unterricht wird von hochqualifizierten Musikp\u00e4dagogen erteilt, die \u00fcber eine Hochschul- oder vergleichbare Ausbildung verf\u00fcgen und langj\u00e4hrige Unterrichtserfahrung nachweisen k\u00f6nnen.<\/p>\n\n\n\n<p>Das MUSIKHAUS arbeitet in der Rechtsform eines gemeinn\u00fctzigen Vereins, der als Tr\u00e4ger der freien Jugendhilfe gem \u00a7 75 des Kinder- und Jugendschutzgesetzes anerkannt ist. Seit 2000 sind wir Mitglied im Verband Deutscher Privatmusikschulen e.V. und somit Garant f\u00fcr eine qualit\u00e4tsvolle Musikausbildung.<\/p>\n\n\n\n<p>Wir beraten Sie oder Ihre Kinder gern \u00fcber eine optimale musische Ausbildung und bei der Wahl eines geeigneten Instruments.<\/p>\n\n\n\n<div style=\"height:20px\" aria-hidden=\"true\" class=\"wp-block-spacer\"><\/div>\n\n\n\n<figure class=\"wp-block-image size-large is-resized is-style-default\"><img loading=\"lazy\" decoding=\"async\" src=\"http:\/\/musikhaus-ev-berlin.de\/wp-content\/uploads\/2021\/06\/kreis_gruen_transparent.png\" alt=\"Musikhaus Kreislogo\" class=\"wp-image-955\" width=\"50\" height=\"50\" srcset=\"https:\/\/musikhaus-ev-berlin.de\/wp-content\/uploads\/2021\/06\/kreis_gruen_transparent.png 578w, https:\/\/musikhaus-ev-berlin.de\/wp-content\/uploads\/2021\/06\/kreis_gruen_transparent-300x297.png 300w, https:\/\/musikhaus-ev-berlin.de\/wp-content\/uploads\/2021\/06\/kreis_gruen_transparent-150x150.png 150w\" sizes=\"auto, (max-width: 50px) 100vw, 50px\" \/><\/figure>\n<\/div>\n<\/div>\n","protected":false},"excerpt":{"rendered":"<p>Das &#8222;Musikhaus e.V.&#8220; Musizieren aus Lust &#8211; ein Instrument lernen aus den individuellen F\u00e4higkeiten und W\u00fcnschen heraus, unabh\u00e4ngig von besonderen musikalischen Begabungen, Zensuren und Leistungsdruck, der Lehrer als sensibler Partner des Sch\u00fclers, ein breites Spektrum an k\u00fcnstlerischen Angeboten entwickeln, um der Vielfalt musikalischer und k\u00fcnstlerischer Interessen gerecht zu werden, verbindende Erlebnisse schaffen durch gemeinsames Musizieren&hellip;&nbsp;<a href=\"https:\/\/musikhaus-ev-berlin.de\/index.php\/musikhaus\/\" rel=\"bookmark\">Weiterlesen &raquo;<span class=\"screen-reader-text\">Musikhaus<\/span><\/a><\/p>\n","protected":false},"author":1,"featured_media":0,"parent":0,"menu_order":0,"comment_status":"closed","ping_status":"closed","template":"","meta":{"neve_meta_sidebar":"full-width","neve_meta_container":"","neve_meta_enable_content_width":"on","neve_meta_content_width":100,"neve_meta_title_alignment":"","neve_meta_author_avatar":"","neve_post_elements_order":"","neve_meta_disable_header":"","neve_meta_disable_footer":"","neve_meta_disable_title":"on","_themeisle_gutenberg_block_has_review":false,"footnotes":""},"class_list":["post-1063","page","type-page","status-publish","hentry"],"_links":{"self":[{"href":"https:\/\/musikhaus-ev-berlin.de\/index.php\/wp-json\/wp\/v2\/pages\/1063","targetHints":{"allow":["GET"]}}],"collection":[{"href":"https:\/\/musikhaus-ev-berlin.de\/index.php\/wp-json\/wp\/v2\/pages"}],"about":[{"href":"https:\/\/musikhaus-ev-berlin.de\/index.php\/wp-json\/wp\/v2\/types\/page"}],"author":[{"embeddable":true,"href":"https:\/\/musikhaus-ev-berlin.de\/index.php\/wp-json\/wp\/v2\/users\/1"}],"replies":[{"embeddable":true,"href":"https:\/\/musikhaus-ev-berlin.de\/index.php\/wp-json\/wp\/v2\/comments?post=1063"}],"version-history":[{"count":8,"href":"https:\/\/musikhaus-ev-berlin.de\/index.php\/wp-json\/wp\/v2\/pages\/1063\/revisions"}],"predecessor-version":[{"id":1558,"href":"https:\/\/musikhaus-ev-berlin.de\/index.php\/wp-json\/wp\/v2\/pages\/1063\/revisions\/1558"}],"wp:attachment":[{"href":"https:\/\/musikhaus-ev-berlin.de\/index.php\/wp-json\/wp\/v2\/media?parent=1063"}],"curies":[{"name":"wp","href":"https:\/\/api.w.org\/{rel}","templated":true}]}}