{"id":1071,"date":"2021-06-28T12:53:01","date_gmt":"2021-06-28T10:53:01","guid":{"rendered":"http:\/\/musikhaus-ev-berlin.de\/?page_id=1071"},"modified":"2022-06-27T11:12:39","modified_gmt":"2022-06-27T09:12:39","slug":"veranstaltungen","status":"publish","type":"page","link":"https:\/\/musikhaus-ev-berlin.de\/index.php\/veranstaltungen\/","title":{"rendered":"Veranstaltungen"},"content":{"rendered":"\n<h2 class=\"has-nv-c-1-color has-text-color wp-block-heading\">Veranstaltungen<\/h2>\n\n\n\n<hr class=\"wp-block-separator has-text-color has-neve-link-color-color has-css-opacity has-neve-link-color-background-color has-background is-style-wide\"\/>\n\n\n\n<div class=\"wp-block-columns is-layout-flex wp-container-core-columns-is-layout-9d6595d7 wp-block-columns-is-layout-flex\">\n<div class=\"wp-block-column is-layout-flow wp-block-column-is-layout-flow\">\n<figure class=\"wp-block-image size-large is-style-default\"><img loading=\"lazy\" decoding=\"async\" width=\"1024\" height=\"768\" src=\"http:\/\/musikhaus-ev-berlin.de\/wp-content\/uploads\/2021\/06\/konzert_01-1024x768.png\" alt=\"Foto Blockfl\u00f6ten-Ensemble\" class=\"wp-image-1049\" srcset=\"https:\/\/musikhaus-ev-berlin.de\/wp-content\/uploads\/2021\/06\/konzert_01-1024x768.png 1024w, https:\/\/musikhaus-ev-berlin.de\/wp-content\/uploads\/2021\/06\/konzert_01-300x225.png 300w, https:\/\/musikhaus-ev-berlin.de\/wp-content\/uploads\/2021\/06\/konzert_01-768x576.png 768w, https:\/\/musikhaus-ev-berlin.de\/wp-content\/uploads\/2021\/06\/konzert_01.png 1200w\" sizes=\"auto, (max-width: 1024px) 100vw, 1024px\" \/><\/figure>\n<\/div>\n\n\n\n<div class=\"wp-block-column is-layout-flow wp-block-column-is-layout-flow\">\n<p>Wer etwas gelernt hat, m\u00f6chte das auch zeigen und wird dabei jedesmal ein St\u00fcckchen sicherer und besser.<br>Deshalb versuchen wir im Musikhaus, so viele M\u00f6glichkeiten zum Vorspielen oder Vorsingen vor Publikum zu schaffen, wie nur irgend m\u00f6glich, im kleineren oder gr\u00f6\u00dferen Rahmen, bei uns im Haus oder au\u00dferhalb.<\/p>\n\n\n\n<div style=\"height:20px\" aria-hidden=\"true\" class=\"wp-block-spacer\"><\/div>\n\n\n\n<figure class=\"wp-block-image size-large is-resized is-style-default\"><img loading=\"lazy\" decoding=\"async\" src=\"http:\/\/musikhaus-ev-berlin.de\/wp-content\/uploads\/2021\/06\/kreis_gruen_transparent.png\" alt=\"Musikhaus Kreislogo\" class=\"wp-image-955\" width=\"50\" height=\"50\" srcset=\"https:\/\/musikhaus-ev-berlin.de\/wp-content\/uploads\/2021\/06\/kreis_gruen_transparent.png 578w, https:\/\/musikhaus-ev-berlin.de\/wp-content\/uploads\/2021\/06\/kreis_gruen_transparent-300x297.png 300w, https:\/\/musikhaus-ev-berlin.de\/wp-content\/uploads\/2021\/06\/kreis_gruen_transparent-150x150.png 150w\" sizes=\"auto, (max-width: 50px) 100vw, 50px\" \/><\/figure>\n<\/div>\n<\/div>\n","protected":false},"excerpt":{"rendered":"<p>Veranstaltungen Wer etwas gelernt hat, m\u00f6chte das auch zeigen und wird dabei jedesmal ein St\u00fcckchen sicherer und besser.Deshalb versuchen wir im Musikhaus, so viele M\u00f6glichkeiten zum Vorspielen oder Vorsingen vor Publikum zu schaffen, wie nur irgend m\u00f6glich, im kleineren oder gr\u00f6\u00dferen Rahmen, bei uns im Haus oder au\u00dferhalb.<\/p>\n","protected":false},"author":1,"featured_media":0,"parent":0,"menu_order":0,"comment_status":"closed","ping_status":"closed","template":"","meta":{"neve_meta_sidebar":"full-width","neve_meta_container":"contained","neve_meta_enable_content_width":"on","neve_meta_content_width":100,"neve_meta_title_alignment":"","neve_meta_author_avatar":"","neve_post_elements_order":"","neve_meta_disable_header":"","neve_meta_disable_footer":"","neve_meta_disable_title":"on","_themeisle_gutenberg_block_has_review":false,"footnotes":""},"class_list":["post-1071","page","type-page","status-publish","hentry"],"_links":{"self":[{"href":"https:\/\/musikhaus-ev-berlin.de\/index.php\/wp-json\/wp\/v2\/pages\/1071","targetHints":{"allow":["GET"]}}],"collection":[{"href":"https:\/\/musikhaus-ev-berlin.de\/index.php\/wp-json\/wp\/v2\/pages"}],"about":[{"href":"https:\/\/musikhaus-ev-berlin.de\/index.php\/wp-json\/wp\/v2\/types\/page"}],"author":[{"embeddable":true,"href":"https:\/\/musikhaus-ev-berlin.de\/index.php\/wp-json\/wp\/v2\/users\/1"}],"replies":[{"embeddable":true,"href":"https:\/\/musikhaus-ev-berlin.de\/index.php\/wp-json\/wp\/v2\/comments?post=1071"}],"version-history":[{"count":5,"href":"https:\/\/musikhaus-ev-berlin.de\/index.php\/wp-json\/wp\/v2\/pages\/1071\/revisions"}],"predecessor-version":[{"id":1825,"href":"https:\/\/musikhaus-ev-berlin.de\/index.php\/wp-json\/wp\/v2\/pages\/1071\/revisions\/1825"}],"wp:attachment":[{"href":"https:\/\/musikhaus-ev-berlin.de\/index.php\/wp-json\/wp\/v2\/media?parent=1071"}],"curies":[{"name":"wp","href":"https:\/\/api.w.org\/{rel}","templated":true}]}}