{"id":1074,"date":"2021-06-28T12:57:17","date_gmt":"2021-06-28T10:57:17","guid":{"rendered":"http:\/\/musikhaus-ev-berlin.de\/?page_id=1074"},"modified":"2025-01-09T16:58:45","modified_gmt":"2025-01-09T15:58:45","slug":"kinderchor-i","status":"publish","type":"page","link":"https:\/\/musikhaus-ev-berlin.de\/index.php\/kinderchor-i\/","title":{"rendered":"Kinderch\u00f6re"},"content":{"rendered":"\n<h2 class=\"wp-block-heading has-nv-c-1-color has-text-color\">Kinderch\u00f6re<\/h2>\n\n\n\n<hr class=\"wp-block-separator has-text-color has-neve-link-color-color has-css-opacity has-neve-link-color-background-color has-background is-style-wide\"\/>\n\n\n\n<div class=\"wp-block-columns is-layout-flex wp-container-core-columns-is-layout-9d6595d7 wp-block-columns-is-layout-flex\">\n<div class=\"wp-block-column is-layout-flow wp-block-column-is-layout-flow\">\n<figure class=\"wp-block-image size-large is-style-default\"><img loading=\"lazy\" decoding=\"async\" width=\"1024\" height=\"555\" src=\"http:\/\/musikhaus-ev-berlin.de\/wp-content\/uploads\/2021\/07\/kinderchor-1024x555.png\" alt=\"Kinderchor\" class=\"wp-image-1284\" srcset=\"https:\/\/musikhaus-ev-berlin.de\/wp-content\/uploads\/2021\/07\/kinderchor-1024x555.png 1024w, https:\/\/musikhaus-ev-berlin.de\/wp-content\/uploads\/2021\/07\/kinderchor-300x163.png 300w, https:\/\/musikhaus-ev-berlin.de\/wp-content\/uploads\/2021\/07\/kinderchor-768x416.png 768w, https:\/\/musikhaus-ev-berlin.de\/wp-content\/uploads\/2021\/07\/kinderchor.png 1200w\" sizes=\"auto, (max-width: 1024px) 100vw, 1024px\" \/><\/figure>\n\n\n\n<p>Die Kinder erlernen in spielerischer Atmosph\u00e4re diverse Lieder zu den verschiedensten Themen und in ganz unterschiedlichen Musikrichtungen. In regelm\u00e4\u00dfigen Abst\u00e4nden kommen Liederprogramme und kleine Musicals zur \u00f6ffentlichen Auff\u00fchrung.Dabei st\u00e4rken und verbessern die Kinder sowohl ihre Stimme, ihr H\u00f6rverm\u00f6gen und Rhythmusempfinden als auch ihre sprachlichen F\u00e4higkeiten. Sie trainieren die Koordination von H\u00f6ren, Bewegen und Denken ebenso wie ihr Ged\u00e4chtnis. Dabei legen wir viel Wert auf Lieder in deutscher Sprache.<\/p>\n<\/div>\n\n\n\n<div class=\"wp-block-column is-layout-flow wp-block-column-is-layout-flow\">\n<p>Da Chorsingen eine Mannschaftsdisziplin ist, \u00fcben die Kinder nebenbei auch soziales Verhalten. F\u00fcr Kinder, die ein gr\u00f6\u00dferes Blasinstrument spielen wollen (z.B. Trompete oder Saxophon), ist das Singen im Chor eine ideale Vorbereitung und M\u00f6glichkeit, die meist unumg\u00e4ngliche Wartezeit sinnvoll zu \u00fcberbr\u00fccken. F\u00fcr diejenigen, die bereits Klavier, Gitarre, Keyboard oder Geige \u00fcben, ist es eine gute Gelegenheit, \u201eunter die Menschen zu kommen\u201c, das Erlernte einzubringen und zu erg\u00e4nzen.<\/p>\n\n\n\n<p>Der Kinderchor probt zu folgenden Zeiten:<br>Donnerstags von 16 Uhr bis 16.45 Uhr f\u00fcr Kinder ab Klasse 4<br>Dienstags von 16.15 Uhr bis 17 Uhr f\u00fcr Kinder ab 5 Jahren<\/p>\n\n\n\n<p>F\u00fcr die Mitwirkung im Chor ist eine vertragliche Probezeit vorgesehen. Da man Arbeitsergebnisse im Ensemble fast nie nach einer einzelnen \u201eProbestunde\u201c beurteilen kann, gew\u00e4hren wir die M\u00f6glichkeit, den Vertrag zur sechsten Unterrichtseinheit, sprich Chorprobe, zu beenden.<br>Nach erfolgreicher Probezeit wird mit dem Musikhaus eine Vereinbarung \u00fcber die Chorteilnahme abgeschlossen. Diese Vereinbarung kann jeweils zum Monatsende mit 3 Monaten Vorlaufzeit gek\u00fcndigt werden. Stand 1.1.2025<\/p>\n\n\n\n<p><strong>Leitung: Sigrid H\u00f6hne-Friedrich<\/strong><\/p>\n\n\n\n<div style=\"height:20px\" aria-hidden=\"true\" class=\"wp-block-spacer\"><\/div>\n\n\n\n<figure class=\"wp-block-image size-large is-resized is-style-default\"><img loading=\"lazy\" decoding=\"async\" src=\"http:\/\/musikhaus-ev-berlin.de\/wp-content\/uploads\/2021\/06\/kreis_gruen_transparent.png\" alt=\"Musikhaus Kreislogo\" class=\"wp-image-955\" width=\"50\" height=\"50\" srcset=\"https:\/\/musikhaus-ev-berlin.de\/wp-content\/uploads\/2021\/06\/kreis_gruen_transparent.png 578w, https:\/\/musikhaus-ev-berlin.de\/wp-content\/uploads\/2021\/06\/kreis_gruen_transparent-300x297.png 300w, https:\/\/musikhaus-ev-berlin.de\/wp-content\/uploads\/2021\/06\/kreis_gruen_transparent-150x150.png 150w\" sizes=\"auto, (max-width: 50px) 100vw, 50px\" \/><\/figure>\n<\/div>\n<\/div>\n","protected":false},"excerpt":{"rendered":"<p>Kinderch\u00f6re Die Kinder erlernen in spielerischer Atmosph\u00e4re diverse Lieder zu den verschiedensten Themen und in ganz unterschiedlichen Musikrichtungen. In regelm\u00e4\u00dfigen Abst\u00e4nden kommen Liederprogramme und kleine Musicals zur \u00f6ffentlichen Auff\u00fchrung.Dabei st\u00e4rken und verbessern die Kinder sowohl ihre Stimme, ihr H\u00f6rverm\u00f6gen und Rhythmusempfinden als auch ihre sprachlichen F\u00e4higkeiten. Sie trainieren die Koordination von H\u00f6ren, Bewegen und Denken&hellip;&nbsp;<a href=\"https:\/\/musikhaus-ev-berlin.de\/index.php\/kinderchor-i\/\" rel=\"bookmark\">Weiterlesen &raquo;<span class=\"screen-reader-text\">Kinderch\u00f6re<\/span><\/a><\/p>\n","protected":false},"author":1,"featured_media":0,"parent":0,"menu_order":0,"comment_status":"closed","ping_status":"closed","template":"","meta":{"neve_meta_sidebar":"full-width","neve_meta_container":"contained","neve_meta_enable_content_width":"on","neve_meta_content_width":100,"neve_meta_title_alignment":"","neve_meta_author_avatar":"","neve_post_elements_order":"","neve_meta_disable_header":"","neve_meta_disable_footer":"","neve_meta_disable_title":"on","_themeisle_gutenberg_block_has_review":false,"footnotes":""},"class_list":["post-1074","page","type-page","status-publish","hentry"],"_links":{"self":[{"href":"https:\/\/musikhaus-ev-berlin.de\/index.php\/wp-json\/wp\/v2\/pages\/1074","targetHints":{"allow":["GET"]}}],"collection":[{"href":"https:\/\/musikhaus-ev-berlin.de\/index.php\/wp-json\/wp\/v2\/pages"}],"about":[{"href":"https:\/\/musikhaus-ev-berlin.de\/index.php\/wp-json\/wp\/v2\/types\/page"}],"author":[{"embeddable":true,"href":"https:\/\/musikhaus-ev-berlin.de\/index.php\/wp-json\/wp\/v2\/users\/1"}],"replies":[{"embeddable":true,"href":"https:\/\/musikhaus-ev-berlin.de\/index.php\/wp-json\/wp\/v2\/comments?post=1074"}],"version-history":[{"count":8,"href":"https:\/\/musikhaus-ev-berlin.de\/index.php\/wp-json\/wp\/v2\/pages\/1074\/revisions"}],"predecessor-version":[{"id":2459,"href":"https:\/\/musikhaus-ev-berlin.de\/index.php\/wp-json\/wp\/v2\/pages\/1074\/revisions\/2459"}],"wp:attachment":[{"href":"https:\/\/musikhaus-ev-berlin.de\/index.php\/wp-json\/wp\/v2\/media?parent=1074"}],"curies":[{"name":"wp","href":"https:\/\/api.w.org\/{rel}","templated":true}]}}