{"id":1853,"date":"2022-07-12T10:13:56","date_gmt":"2022-07-12T08:13:56","guid":{"rendered":"https:\/\/musikhaus-ev-berlin.de\/?page_id=1853"},"modified":"2022-07-12T10:32:51","modified_gmt":"2022-07-12T08:32:51","slug":"faq","status":"publish","type":"page","link":"https:\/\/musikhaus-ev-berlin.de\/index.php\/faq\/","title":{"rendered":"FAQ"},"content":{"rendered":"\n<h2 class=\"has-nv-c-1-color has-text-color wp-block-heading\">FAQ<\/h2>\n\n\n\n<h2 class=\"wp-block-heading\">FAQ Probestunde<\/h2>\n\n\n\n<p><br><strong>Was ist der Sinn einer Probestunde?<\/strong><br>In einer Probestunde kannst Du das gew\u00e4hlte Instrument ausprobieren und ein Gef\u00fchl f\u00fcr die Unterrichtssituation mit dem Lehrer\/der Lehrerin entwickeln. Du kannst alle Fragen zum Unterricht, zum Instrument und zum Lehrer\/zur Lehrerin loswerden. Das hilft Dir bei Deiner Entscheidung, ein Instrument lernen zu wollen und ob Du Dir die Zusammenarbeit mit der Lehrerin\/dem Lehrer vorstellen kannst.<\/p>\n\n\n\n<p><br><strong>Entstehen aus der Teilnahme an einer Probestunde weiterf\u00fchrende Verpflichtungen?<\/strong><br>Nein. Eine Probestunde steht f\u00fcr sich und ist zum unverbindlichen Kennenlernen des Instrumentes und der Lehrkraft gedacht. Ein Unterrichtsvertrag kann danach auf Wunsch des Interessenten\/der Interessentin abgeschlossen werden.<br>Eine Anmeldegeb\u00fchr wird erst bei Vertragsabschluss f\u00e4llig.<\/p>\n\n\n\n<p><br><strong>Warum sind die Probestunden kostenpflichtig?<\/strong><br>Unsere Lehrkr\u00e4fte erhalten f\u00fcr die Probestunden ein Honorar und f\u00fcr das Musikhaus fallen Verwaltungs- und Bearbeitungskosten f\u00fcr jede Probestunde an. Deshalb erheben wir die Geb\u00fchren einer Einzelstunde f\u00fcr jede Probestunde. Das Handling der Probestunden gestaltet sich seit Einf\u00fchrung der Probestundengeb\u00fchr verbindlicher.<\/p>\n\n\n\n<p><br><strong>Kann ich eine Probestunde (kurzfristig) absagen?<\/strong><br>Falls Sie den Termin einer vereinbarten und best\u00e4tigten Probestunde nicht wahrnehmen k\u00f6nnen, sagen sie ihn bitte m\u00f6glichst 24 h vorher direkt bei der Lehrkraft ab. Sie k\u00f6nnen einen neuen Termin vereinbaren.<br>Sollte die Lehrkraft verhindert sein, wird diese Sie umgehend benachrichtigen und Ihnen einen Ersatztermin anbieten. Schon gezahlte Geb\u00fchren f\u00fcr ersatzlos ausgefallene Probestunden werden erstattet.<\/p>\n\n\n\n<p><strong><br>Muss ich zur Probestunde ein eigenes Instrument mitbringen?<\/strong><br>Wenn Sie ein eigenes, funktionsf\u00e4higes Instrument besitzen, bringen Sie dieses bitte mit und setzen Sie im Anmeldeformular unter &#8222;Unterricht&#8220; bitte den Haken neben &#8222;Instrument vorhanden&#8220;.<br>Sollten Sie kein eigenes Instrument besitzen lassen Sie in der Anmeldung bitte den Haken frei. Wir werden Ihnen f\u00fcr die Probestunde ein geeignetes Instrument zur Verf\u00fcgung stellen oder uns f\u00fcr andere Absprachen diesbez\u00fcglich bei Ihnen melden. Nicht transportf\u00e4hige Instrumente wie Klavier, Schlagzeug etc. werden generell vom Musikhaus f\u00fcr die Probestunde und f\u00fcr den Unterricht gestellt.<\/p>\n\n\n\n<p><br><strong>Welche Corona-Auflagen gibt es aktuell f\u00fcr Probestunden?<\/strong><br>Derzeit gibt es eine Maskenempfehlung, keine Maskenpflicht. Die Entscheidung obliegt der Lehrkraft.<br>Vor dem Unterricht H\u00e4nde waschen und Abstandsregeln einhalten.<\/p>\n\n\n\n<hr class=\"wp-block-separator has-alpha-channel-opacity\"\/>\n\n\n\n<h2 class=\"wp-block-heading\">FAQ Allgemein<\/h2>\n\n\n\n<p><br><strong>Ben\u00f6tige ich ein eigenes Instrument f\u00fcr Probestunde, Instrumentenkarussell und Unterricht?<\/strong><br>F\u00fcr Probestunden und Instrumentenkarussell stellen wir Instrumente zur Verf\u00fcgung. F\u00fcr Unterrichtsanf\u00e4nger verleihen wir, soweit vorr\u00e4tig, in den ersten Monaten Instrumente oder empfehlen Fachgesch\u00e4fte oder Online-Plattformen f\u00fcr den Verleih von Instrumenten.<br>Unsere Lehrkr\u00e4fte beraten dar\u00fcber hinaus gern und fachkundig oder begleiten ihre Sch\u00fcler mitunter sp\u00e4ter sogar beim Kauf eines Instrumentes.<br>Nicht transportf\u00e4hige Instrumente wie Klavier, Schlagzeug etc. werden generell vom Musikhaus f\u00fcr die Probestunde und f\u00fcr den Unterricht gestellt.<br>s.a. https:\/\/musikhaus-ev-berlin.de\/index.php\/instrumentenverleih\/<\/p>\n\n\n\n<p><br><strong>Muss ich ausgefallene Unterrichtsstunden bezahlen?<\/strong><br>a) Eine vom Sch\u00fcler abgesagte Unterrichtsstunde entbindet nicht von der Zahlungspflicht und das Musikhaus bzw. die Lehrkraft sind nicht nachleistungspflichtig.<br>b) F\u00fcr eine von der Lehrkraft abgesagte Unterrichtsstunde wird ein Nachholtermin angeboten. F\u00fcr einen vereinbarten Nachholtermin gelten dann wiederum a) und b)<br>c) Seitens der Lehrkraft ersatzlos ausgefallene Unterrichtstunden k\u00f6nnen erstattet werden, wenn bei w\u00f6chentlichem Unterricht durch den Ausfall weniger als 36 Jahresstunden erteilt werden.<br>d) Bei (absehbar) l\u00e4ngerer Krankheit und anderen schwierigen Lebensumst\u00e4nden kann der Sch\u00fcler nach der 3. Ausfallstunde einen Antrag auf Aussetzen des Unterrichts auf der Grundlage entsprechender Nachweise stellen.<\/p>\n\n\n\n<p><br><strong>Warum muss ich Unterrichtsgeb\u00fchren auch in den Ferien bezahlen?<\/strong><br>Wir unterrichten im Berliner Schulferienrhythmus!<br>Unsere Unterrichtsgeb\u00fchren werden bei w\u00f6chentlichem Unterricht pauschal mit 3 Unterrichtseinheiten (UE) pro Monat berechnet (bei anderen Unterrichtsformen entsprechend angepasst). Egal wie viele UE tats\u00e4chlich in dem jeweiligen Monat anfallen, werden somit \u00fcber diese f\u00fcr das Sch\u00fcler- und Musikhauskonto kontinuierliche Pauschale j\u00e4hrlich 36 UE bezahlt. Je nach Feiertags- und Ferienlage in den Wochentagen werden jedoch meist 37 \u2013 42 UE pro Jahr gegeben, so dass niemand zu viel bezahlt. Bei K\u00fcndigung kann eine Nachberechnung der tats\u00e4chlich bezahlten und gegebenen UE erfolgen.<\/p>\n\n\n\n<p><br><strong>Muss ich Noten lesen k\u00f6nnen, um an einer Probestunde oder am Unterricht teilzunehmen?<\/strong><br>Nein. Das Erlernen der Noten ist Bestandteil des Unterrichts. Noten lernen sich viel leichter, wenn man sie zusammen mit den dazu passenden T\u00f6nen kennen lernt.<\/p>\n\n\n\n<p><br><strong>Kann ich ein Instrument oder Singen lernen, wenn ich \u201eunmusikalisch\u201c bin?<\/strong><br>&#8222;Unmusikalisch&#8220; ist oft ein schnelles (manchmal auch falsches!) Vorurteil &#8211; dies k\u00f6nnen wir gern noch einmal in einer Probestunde oder Probezeit miteinander \u00fcberpr\u00fcfen und vielleicht sogar entkr\u00e4ften.<\/p>\n\n\n\n<p><br><strong>Warum soll ich neben dem Unterricht noch zuhause \u00dcben?<\/strong><br>Die wirkliche Freude am Musizieren kommt erst auf, wenn sich ein Lernerfolg einstellt. Genauso deprimierend kann es sein, wenn dieser Lernerfolg ausbleibt.<br>Deshalb ist es wichtig, das im Unterricht Ausprobierte und Besprochene zuhause durch regelm\u00e4\u00dfiges Wiederholen und Vertiefen weiter zu entwickeln und kognitiv und motorisch verf\u00fcgbar zu machen. Das Erlernen eines Instrumentes geschieht auch weitestgehend auf der motorischen Ebene und betrifft die Beobachtung und Steuerung vielf\u00e4ltiger und gleichzeitiger, komplexer Prozesse in unserem K\u00f6rper. Dieses motorische Lernen gestaltet sich meist langsamer als ein pures kognitives Lernen, wie wir es aus der Schule kennen und ben\u00f6tigt mehr Geduld f\u00fcr die Verinnerlichung. Daf\u00fcr ben\u00f6tigen wir bei Kindern das Verst\u00e4ndnis und die Unterst\u00fctzung der Eltern.<\/p>\n\n\n\n<p><br><strong>Welche M\u00f6glichkeiten gibt es f\u00fcr gemeinsames Musizieren am Musikhaus?<\/strong><br>Aktuell ist dies m\u00f6glich im Kammermusikensemble (f\u00fcr Blockfl\u00f6ten), im Streicherensemble, im Trompetenensemble, im Saxophonensemble, in der Folkband \u201eGood Neighbours\u201c, im Gemischten Chor, im Vormittagschor, in den Kinderch\u00f6ren und im Jugendchor.<br>Nat\u00fcrlich kann man\/frau sich auch selbst passende Spielpartner suchen.<br>s.a. unter Angebote\\Ensembles und unter Angebote\\Ch\u00f6re (leider kein Link schaltbar)<\/p>\n\n\n\n<p><br><strong>Welche K\u00fcndigungsm\u00f6glichkeiten gibt es?<\/strong><br>K\u00fcndigen k\u00f6nnen Sie schriftlich oder per E-Mail. In den meisten Vertr\u00e4gen ist eine Probezeit f\u00fcr die ersten 12 Unterrichtseinheiten vereinbart. Innerhalb dieser Probezeit ist eine K\u00fcndigung bis zur 10. Unterrichtsstunde zum Ende der Probezeit m\u00f6glich.<\/p>\n\n\n\n<p>Die regul\u00e4ren K\u00fcndigungstermine f\u00fcr laufende Vertr\u00e4ge sind halbj\u00e4hrlich zum 31.01. und zum 31.07. mit einer Frist von jeweils 2 Monaten im Voraus. Ab dem 1. April 2022 geschlossene Vertr\u00e4ge haben eine Laufzeit von 2 Jahren und k\u00f6nnen w\u00e4hrend dieser Zeit nach obigen Bedingungen, danach monatlich gek\u00fcndigt werden.<\/p>\n\n\n\n<p>Prepaid-Karten sind nicht k\u00fcndbar. Das Instrumentenkarussell kann innerhalb einer laufenden Runde (4 UE) nicht gek\u00fcndigt werden.<br>Abweichende Konditionen gibt zu den Probezeiten bei 14t\u00e4gigem und monatlichem Unterricht, Ensemblevertr\u00e4gen und einem speziellen Vertrag f\u00fcr Musikalische Fr\u00fcherziehung, die z.T. in den Angebotsbeschreibungen oder in den AGB bei Anmeldung zu finden sind.<br>F\u00fcr Prepaidkarten und beim Instrumentenkarussell gibt es keine Probezeit.<br>Sonderk\u00fcndigungskonditionen bitte erfragen.<\/p>\n\n\n\n<p><br><strong>Gibt es am Musikhaus Auftrittsm\u00f6glichkeiten?<\/strong><br>Musizierstunden und Klassenvorspiele geh\u00f6ren ebenso zum Musikhaus-Alltag wie Chorkonzerte und Auftritte unserer Ensembles im Kiez und dar\u00fcber hinaus bei Feiern, privaten und offiziellen Anl\u00e4ssen. Hier k\u00f6nnen unsere Sch\u00fclerInnen ihr Erlerntes auf ein Ziel hin ausrichten und den Auftrittsalltag kennen lernen.<\/p>\n\n\n\n<p><br><strong>Kann ich auch auch als Erwachsener und im h\u00f6heren Alter noch ein Instrument oder Singen lernen?<\/strong><br>Ja gern! Unsere Lehrkr\u00e4fte haben Erfahrung mit erwachsenen Anf\u00e4ngern auch im h\u00f6heren Alter bzw. Erwachsenen, die Ihr Hobby aus der Kindheit oder Jugend wiederbeleben wollen. Trauen Sie sich!<\/p>\n\n\n\n<p><br><strong>Gibt es in finanziellen H\u00e4rtef\u00e4llen Erm\u00e4\u00dfigungen f\u00fcr den Unterricht?<\/strong><br>Schauen Sie bitte einmal unter diesem Link nach: http:\/\/musikhaus-ev-berlin.de\/index.php\/teilhabe\/<\/p>\n\n\n\n<p><br><strong>Ist das Musikhaus barrierefrei?<\/strong><br>Ja! Der zweite Aufgang in der Alten Feuerwache in der Waldowstr. ist mit einem Fahrstuhl ausgestattet, \u00fcber welchen unsere R\u00e4ume in beiden Etagen problemlos erreichbar sind.<\/p>\n\n\n\n<p><br><strong>Gibt es am Musikhaus inklusive Angebote?<\/strong><br>Im Rahmen unserer M\u00f6glichkeiten und der Qualifikationen unserer Lehrkr\u00e4fte sondieren wir mit Ihnen gern, welche unserer Angebote inklusiven Charakter haben bzw. speziellen Angebote wir f\u00fcr Sie erstellen k\u00f6nnen. Sprechen Sie uns gern an.<\/p>\n","protected":false},"excerpt":{"rendered":"<p>FAQ FAQ Probestunde Was ist der Sinn einer Probestunde?In einer Probestunde kannst Du das gew\u00e4hlte Instrument ausprobieren und ein Gef\u00fchl f\u00fcr die Unterrichtssituation mit dem Lehrer\/der Lehrerin entwickeln. Du kannst alle Fragen zum Unterricht, zum Instrument und zum Lehrer\/zur Lehrerin loswerden. Das hilft Dir bei Deiner Entscheidung, ein Instrument lernen zu wollen und ob Du&hellip;&nbsp;<a href=\"https:\/\/musikhaus-ev-berlin.de\/index.php\/faq\/\" rel=\"bookmark\">Weiterlesen &raquo;<span class=\"screen-reader-text\">FAQ<\/span><\/a><\/p>\n","protected":false},"author":1,"featured_media":0,"parent":0,"menu_order":0,"comment_status":"closed","ping_status":"closed","template":"","meta":{"neve_meta_sidebar":"full-width","neve_meta_container":"contained","neve_meta_enable_content_width":"on","neve_meta_content_width":100,"neve_meta_title_alignment":"","neve_meta_author_avatar":"","neve_post_elements_order":"","neve_meta_disable_header":"","neve_meta_disable_footer":"","neve_meta_disable_title":"on","_themeisle_gutenberg_block_has_review":false,"footnotes":""},"class_list":["post-1853","page","type-page","status-publish","hentry"],"_links":{"self":[{"href":"https:\/\/musikhaus-ev-berlin.de\/index.php\/wp-json\/wp\/v2\/pages\/1853","targetHints":{"allow":["GET"]}}],"collection":[{"href":"https:\/\/musikhaus-ev-berlin.de\/index.php\/wp-json\/wp\/v2\/pages"}],"about":[{"href":"https:\/\/musikhaus-ev-berlin.de\/index.php\/wp-json\/wp\/v2\/types\/page"}],"author":[{"embeddable":true,"href":"https:\/\/musikhaus-ev-berlin.de\/index.php\/wp-json\/wp\/v2\/users\/1"}],"replies":[{"embeddable":true,"href":"https:\/\/musikhaus-ev-berlin.de\/index.php\/wp-json\/wp\/v2\/comments?post=1853"}],"version-history":[{"count":8,"href":"https:\/\/musikhaus-ev-berlin.de\/index.php\/wp-json\/wp\/v2\/pages\/1853\/revisions"}],"predecessor-version":[{"id":1867,"href":"https:\/\/musikhaus-ev-berlin.de\/index.php\/wp-json\/wp\/v2\/pages\/1853\/revisions\/1867"}],"wp:attachment":[{"href":"https:\/\/musikhaus-ev-berlin.de\/index.php\/wp-json\/wp\/v2\/media?parent=1853"}],"curies":[{"name":"wp","href":"https:\/\/api.w.org\/{rel}","templated":true}]}}