{"id":2407,"date":"2024-12-03T10:52:15","date_gmt":"2024-12-03T09:52:15","guid":{"rendered":"https:\/\/musikhaus-ev-berlin.de\/?page_id=2407"},"modified":"2025-02-18T11:57:23","modified_gmt":"2025-02-18T10:57:23","slug":"konzerte","status":"publish","type":"page","link":"https:\/\/musikhaus-ev-berlin.de\/index.php\/konzerte\/","title":{"rendered":"Konzerte"},"content":{"rendered":"\n<p>Regelm\u00e4\u00dfig arbeiten unsere Musiksch\u00fcler*innen gemeinsam mit Ihren Dozent*innen an Projekten, um das Erlernte in einem besonderen Rahmen zu pr\u00e4sentieren. Die Ergebnisse sind vielf\u00e4ltig, wie die Musik selbst. Jede Auff\u00fchrung zeigt das Engagement unserer jungen Musiker*innen und ist ein Highlight f\u00fcr die ganze Familie. Freuen Sie sich auf die Freude am gemeinsamen Musizieren! <br><\/p>\n\n\n\n<p><strong>Anstehende Konzerte: <\/strong><\/p>\n\n\n\n<p>\u2022 <strong>10.04.2025 um 18:30 Uhr:<\/strong> Das Fr\u00fchlingskonzert der Jazz-\/Pop-\/Rock- Gesangsklasse von Lucia Fodde mit den greatest Hits des King of Pop, Michael Jackson. (Wo? Raum 114 des Musikhauses e.V.)<br><br><strong>Vergangene Konzerte: <\/strong><\/p>\n\n\n\n<p>\u2022 <strong>30.01.2025 um 18 Uhr: <\/strong>Winterkonzert der Pop-\/Rock-\/Jazz &#8211; Gesangsklasse von Lucia Fodde. (Wo? Raum 114 des Musikhauses e.V.)<br><br>\u2022 <strong>10. Dezember 2024 um 18 Uhr :<\/strong> gemeinsam Weihnachtsvorspiel (Trompetensch\u00fcler*innen, Klaviersch\u00fcler*innen, Geigensch\u00fcler*innen, Saxophonensemble) unter der Leitung unseres Dozenten <strong>J\u00f6rg von Nolting <\/strong>(Wo? Raum 114 des Musikhauses e.V.)<br><br>\u2022 <strong>18. Dezember 2024 um 19 Uhr :<\/strong> Weihnachtskonzert der <strong>Ch\u00f6re (Kinder -, Jugend-, Vormittagschor)<\/strong> unter der Leitung unserer Dozentin <br><strong>Sigrid H\u00f6hne-Friedrich<\/strong> (Wo? Evangelische Kirche Wartenberg, Falkenberger Chaussee 93, 13059 Berlin)<\/p>\n\n\n\n<p><br><\/p>\n\n\n\n<figure class=\"wp-block-image size-large\"><img loading=\"lazy\" decoding=\"async\" width=\"588\" height=\"1024\" src=\"https:\/\/musikhaus-ev-berlin.de\/wp-content\/uploads\/2025\/02\/IMG_2248-588x1024.jpg\" alt=\"\" class=\"wp-image-2513\" srcset=\"https:\/\/musikhaus-ev-berlin.de\/wp-content\/uploads\/2025\/02\/IMG_2248-588x1024.jpg 588w, https:\/\/musikhaus-ev-berlin.de\/wp-content\/uploads\/2025\/02\/IMG_2248-172x300.jpg 172w, https:\/\/musikhaus-ev-berlin.de\/wp-content\/uploads\/2025\/02\/IMG_2248-768x1337.jpg 768w, https:\/\/musikhaus-ev-berlin.de\/wp-content\/uploads\/2025\/02\/IMG_2248-882x1536.jpg 882w, https:\/\/musikhaus-ev-berlin.de\/wp-content\/uploads\/2025\/02\/IMG_2248.jpg 1170w\" sizes=\"auto, (max-width: 588px) 100vw, 588px\" \/><\/figure>\n","protected":false},"excerpt":{"rendered":"<p>Regelm\u00e4\u00dfig arbeiten unsere Musiksch\u00fcler*innen gemeinsam mit Ihren Dozent*innen an Projekten, um das Erlernte in einem besonderen Rahmen zu pr\u00e4sentieren. Die Ergebnisse sind vielf\u00e4ltig, wie die Musik selbst. Jede Auff\u00fchrung zeigt das Engagement unserer jungen Musiker*innen und ist ein Highlight f\u00fcr die ganze Familie. Freuen Sie sich auf die Freude am gemeinsamen Musizieren! Anstehende Konzerte: \u2022&hellip;&nbsp;<a href=\"https:\/\/musikhaus-ev-berlin.de\/index.php\/konzerte\/\" rel=\"bookmark\">Weiterlesen &raquo;<span class=\"screen-reader-text\">Konzerte<\/span><\/a><\/p>\n","protected":false},"author":1,"featured_media":0,"parent":0,"menu_order":0,"comment_status":"closed","ping_status":"closed","template":"","meta":{"neve_meta_sidebar":"","neve_meta_container":"","neve_meta_enable_content_width":"","neve_meta_content_width":0,"neve_meta_title_alignment":"","neve_meta_author_avatar":"","neve_post_elements_order":"","neve_meta_disable_header":"","neve_meta_disable_footer":"","neve_meta_disable_title":"","_themeisle_gutenberg_block_has_review":false,"footnotes":""},"class_list":["post-2407","page","type-page","status-publish","hentry"],"_links":{"self":[{"href":"https:\/\/musikhaus-ev-berlin.de\/index.php\/wp-json\/wp\/v2\/pages\/2407","targetHints":{"allow":["GET"]}}],"collection":[{"href":"https:\/\/musikhaus-ev-berlin.de\/index.php\/wp-json\/wp\/v2\/pages"}],"about":[{"href":"https:\/\/musikhaus-ev-berlin.de\/index.php\/wp-json\/wp\/v2\/types\/page"}],"author":[{"embeddable":true,"href":"https:\/\/musikhaus-ev-berlin.de\/index.php\/wp-json\/wp\/v2\/users\/1"}],"replies":[{"embeddable":true,"href":"https:\/\/musikhaus-ev-berlin.de\/index.php\/wp-json\/wp\/v2\/comments?post=2407"}],"version-history":[{"count":23,"href":"https:\/\/musikhaus-ev-berlin.de\/index.php\/wp-json\/wp\/v2\/pages\/2407\/revisions"}],"predecessor-version":[{"id":2515,"href":"https:\/\/musikhaus-ev-berlin.de\/index.php\/wp-json\/wp\/v2\/pages\/2407\/revisions\/2515"}],"wp:attachment":[{"href":"https:\/\/musikhaus-ev-berlin.de\/index.php\/wp-json\/wp\/v2\/media?parent=2407"}],"curies":[{"name":"wp","href":"https:\/\/api.w.org\/{rel}","templated":true}]}}