{"id":2464,"date":"2025-01-13T10:35:37","date_gmt":"2025-01-13T09:35:37","guid":{"rendered":"https:\/\/musikhaus-ev-berlin.de\/?page_id=2464"},"modified":"2025-01-14T14:07:25","modified_gmt":"2025-01-14T13:07:25","slug":"petition","status":"publish","type":"page","link":"https:\/\/musikhaus-ev-berlin.de\/index.php\/petition\/","title":{"rendered":"Petition"},"content":{"rendered":"\n<p><strong>Unterst\u00fctzen Sie die Zukunft unserer Musikschule \u2013 Ihre Hilfe z\u00e4hlt!<\/strong><\/p>\n\n\n\n<figure class=\"wp-block-image size-large\"><img loading=\"lazy\" decoding=\"async\" width=\"510\" height=\"1024\" src=\"https:\/\/musikhaus-ev-berlin.de\/wp-content\/uploads\/2025\/01\/Petition-1-IMG_1858-510x1024.jpg\" alt=\"\" class=\"wp-image-2470\" srcset=\"https:\/\/musikhaus-ev-berlin.de\/wp-content\/uploads\/2025\/01\/Petition-1-IMG_1858-510x1024.jpg 510w, https:\/\/musikhaus-ev-berlin.de\/wp-content\/uploads\/2025\/01\/Petition-1-IMG_1858-150x300.jpg 150w, https:\/\/musikhaus-ev-berlin.de\/wp-content\/uploads\/2025\/01\/Petition-1-IMG_1858-768x1541.jpg 768w, https:\/\/musikhaus-ev-berlin.de\/wp-content\/uploads\/2025\/01\/Petition-1-IMG_1858-766x1536.jpg 766w, https:\/\/musikhaus-ev-berlin.de\/wp-content\/uploads\/2025\/01\/Petition-1-IMG_1858.jpg 980w\" sizes=\"auto, (max-width: 510px) 100vw, 510px\" \/><\/figure>\n\n\n\n<p>Liebe Eltern, liebe Sch\u00fclerinnen und Sch\u00fcler,<br><br>unsere Musikschule ist nicht nur Bildungseinrichtung sondern auch ein Ort der Kreativit\u00e4t,<br>Gemeinschaft und Inspiration. Doch diese wertvolle Arbeit ist bedroht. Die Deutsche<br>Rentenversicherung (DRV) stuft zunehmend freiberufliche Musiklehrkr\u00e4fte als scheinselbstst\u00e4ndig<br>ein, was die Existenz aller Musikschulen in Deutschland gef\u00e4hrdet.<\/p>\n\n\n\n<p><strong>Was bedeutet das?<\/strong><br>Die DRV fordert r\u00fcckwirkend Sozialversicherungsbeitr\u00e4ge in Summen, die keine Musikschule<br>tragen kann. Freiberufliche Lehrkr\u00e4fte verlieren ihre Auftr\u00e4ge, bzw. das Angebot w\u00e4re drastisch<br>reduziert. F\u00fcr einen Gro\u00dfteil der Familien w\u00fcrde musikalische Bildung unbezahlbar werden.<br><strong>Was k\u00f6nnen Sie tun?<\/strong><br>Der Deutsche Tonk\u00fcnstlerverband Brandenburg e.V. hat eine Petition auf der Plattform des<br>Deutschen Bundestages gestartet, um:<br><br>So k\u00f6nnen Sie mithelfen:<\/p>\n\n\n\n<p><a href=\"https:\/\/epetitionen.bundestag.de\/epet\/registrieren.nc.html\">Hier<\/a> registriert man sich auf der Plattform des Petitionsausschusses des <a href=\"https:\/\/epetitionen.bundestag.de\/epet\/registrieren.nc.html\">Deutschen Bundestages<\/a>.<br><br>Und hier k\u00f6nnen Sie die Petition unterzeichnen:<a href=\"https:\/\/epetitionen.bundestag.de\/content\/petitionen\/_2024\/_11\/_15\/Petition_174929.html\"> https:\/\/epetitionen.bundestag.de\/content\/petitionen\/_2024\/_11\/_15\/Petition_174929.html<\/a><\/p>\n\n\n\n<p><strong>Was k\u00f6nnen Sie tun?<\/strong><br>Der Deutsche Tonk\u00fcnstlerverband Brandenburg e.V. hat eine Petition auf der Plattform des<br>Deutschen Bundestages gestartet, um:<\/p>\n\n\n\n<p><strong>Warum Ihre Unterst\u00fctzung so wichtig ist<\/strong><br>Wir als Musikschule k\u00f6nnen nicht alleine k\u00e4mpfen. Jede Unterschrift ist ein Zeichen f\u00fcr die<br>Bedeutung musikalischer Bildung und ein Appell an die Politik, die Existenz von Musikschulen und<br>ihrer freiberuflichen Lehrkr\u00e4fte zu sichern. Gemeinsam k\u00f6nnen wir verhindern, dass unser<br>Bildungs- und Kulturangebot durch B\u00fcrokratie zerst\u00f6rt wird.<br>Wir bitten Sie daher herzlich: <em><strong>Unterst\u00fctzen Sie unsere Petition und teilen Sie den Link mit<br>Freunden und Bekannten.<\/strong><\/em><br><br>Vielen Dank, dass Sie uns und die musikalische Bildung Ihrer Kinder in dieser schwierigen<br>Zeit unterst\u00fctzen!<\/p>\n\n\n\n<figure class=\"wp-block-image size-large\"><img loading=\"lazy\" decoding=\"async\" width=\"1024\" height=\"1021\" src=\"https:\/\/musikhaus-ev-berlin.de\/wp-content\/uploads\/2025\/01\/Petition-2-IMG_1858-1024x1021.jpg\" alt=\"\" class=\"wp-image-2471\" srcset=\"https:\/\/musikhaus-ev-berlin.de\/wp-content\/uploads\/2025\/01\/Petition-2-IMG_1858-1024x1021.jpg 1024w, https:\/\/musikhaus-ev-berlin.de\/wp-content\/uploads\/2025\/01\/Petition-2-IMG_1858-300x300.jpg 300w, https:\/\/musikhaus-ev-berlin.de\/wp-content\/uploads\/2025\/01\/Petition-2-IMG_1858-150x150.jpg 150w, https:\/\/musikhaus-ev-berlin.de\/wp-content\/uploads\/2025\/01\/Petition-2-IMG_1858-768x766.jpg 768w, https:\/\/musikhaus-ev-berlin.de\/wp-content\/uploads\/2025\/01\/Petition-2-IMG_1858.jpg 1114w\" sizes=\"auto, (max-width: 1024px) 100vw, 1024px\" \/><\/figure>\n","protected":false},"excerpt":{"rendered":"<p>Unterst\u00fctzen Sie die Zukunft unserer Musikschule \u2013 Ihre Hilfe z\u00e4hlt! Liebe Eltern, liebe Sch\u00fclerinnen und Sch\u00fcler, unsere Musikschule ist nicht nur Bildungseinrichtung sondern auch ein Ort der Kreativit\u00e4t,Gemeinschaft und Inspiration. Doch diese wertvolle Arbeit ist bedroht. Die DeutscheRentenversicherung (DRV) stuft zunehmend freiberufliche Musiklehrkr\u00e4fte als scheinselbstst\u00e4ndigein, was die Existenz aller Musikschulen in Deutschland gef\u00e4hrdet. Was bedeutet&hellip;&nbsp;<a href=\"https:\/\/musikhaus-ev-berlin.de\/index.php\/petition\/\" rel=\"bookmark\">Weiterlesen &raquo;<span class=\"screen-reader-text\">Petition<\/span><\/a><\/p>\n","protected":false},"author":1,"featured_media":0,"parent":0,"menu_order":0,"comment_status":"closed","ping_status":"closed","template":"","meta":{"neve_meta_sidebar":"","neve_meta_container":"","neve_meta_enable_content_width":"","neve_meta_content_width":0,"neve_meta_title_alignment":"","neve_meta_author_avatar":"","neve_post_elements_order":"","neve_meta_disable_header":"","neve_meta_disable_footer":"","neve_meta_disable_title":"","_themeisle_gutenberg_block_has_review":false,"footnotes":""},"class_list":["post-2464","page","type-page","status-publish","hentry"],"_links":{"self":[{"href":"https:\/\/musikhaus-ev-berlin.de\/index.php\/wp-json\/wp\/v2\/pages\/2464","targetHints":{"allow":["GET"]}}],"collection":[{"href":"https:\/\/musikhaus-ev-berlin.de\/index.php\/wp-json\/wp\/v2\/pages"}],"about":[{"href":"https:\/\/musikhaus-ev-berlin.de\/index.php\/wp-json\/wp\/v2\/types\/page"}],"author":[{"embeddable":true,"href":"https:\/\/musikhaus-ev-berlin.de\/index.php\/wp-json\/wp\/v2\/users\/1"}],"replies":[{"embeddable":true,"href":"https:\/\/musikhaus-ev-berlin.de\/index.php\/wp-json\/wp\/v2\/comments?post=2464"}],"version-history":[{"count":4,"href":"https:\/\/musikhaus-ev-berlin.de\/index.php\/wp-json\/wp\/v2\/pages\/2464\/revisions"}],"predecessor-version":[{"id":2479,"href":"https:\/\/musikhaus-ev-berlin.de\/index.php\/wp-json\/wp\/v2\/pages\/2464\/revisions\/2479"}],"wp:attachment":[{"href":"https:\/\/musikhaus-ev-berlin.de\/index.php\/wp-json\/wp\/v2\/media?parent=2464"}],"curies":[{"name":"wp","href":"https:\/\/api.w.org\/{rel}","templated":true}]}}