{"id":5,"date":"2020-01-13T11:17:52","date_gmt":"2020-01-13T11:17:52","guid":{"rendered":"https:\/\/demosites.io\/web-agency-gb\/?page_id=5"},"modified":"2026-04-15T15:28:16","modified_gmt":"2026-04-15T13:28:16","slug":"15c42-web-agency-gb-home","status":"publish","type":"page","link":"https:\/\/musikhaus-ev-berlin.de\/","title":{"rendered":"Home"},"content":{"rendered":"\n<div class=\"wp-block-group\"><div class=\"wp-block-group__inner-container is-layout-flow wp-block-group-is-layout-flow\">\n<div class=\"wp-block-group\"><div class=\"wp-block-group__inner-container is-layout-constrained wp-block-group-is-layout-constrained\">\n<div id=\"wp-block-themeisle-blocks-slider-e99597b3\" class=\"wp-block-themeisle-blocks-slider glide\" data-per-view=\"1\" data-gap=\"0\" data-peek=\"0\" data-autoplay=\"false\" data-height=\"400px\" data-hide-arrows=\"false\"><div class=\"glide__track\" data-glide-el=\"track\"><div class=\"glide__slides\"><div class=\"wp-block-themeisle-blocks-slider-item-wrapper glide__slide\" tabindex=\"0\"><figure><img decoding=\"async\" class=\"wp-block-themeisle-blocks-slider-item\" src=\"https:\/\/musikhaus-ev-berlin.de\/wp-content\/uploads\/2026\/03\/Banner-Website-Musikhaus--scaled.jpg\" alt=\"\" title=\"\" data-id=\"2762\"\/><\/figure><\/div><div class=\"wp-block-themeisle-blocks-slider-item-wrapper glide__slide\" tabindex=\"0\"><figure><img decoding=\"async\" class=\"wp-block-themeisle-blocks-slider-item\" src=\"https:\/\/musikhaus-ev-berlin.de\/wp-content\/uploads\/2026\/03\/Banner-Website-Musikhaus-1-scaled.jpg\" alt=\"\" title=\"\" data-id=\"2764\"\/><\/figure><\/div><div class=\"wp-block-themeisle-blocks-slider-item-wrapper glide__slide\" tabindex=\"0\"><figure><img decoding=\"async\" class=\"wp-block-themeisle-blocks-slider-item\" src=\"https:\/\/musikhaus-ev-berlin.de\/wp-content\/uploads\/2026\/03\/Banner-Website-Musikhaus-4-scaled.jpg\" alt=\"\" title=\"\" data-id=\"2769\"\/><\/figure><\/div><div class=\"wp-block-themeisle-blocks-slider-item-wrapper glide__slide\" tabindex=\"0\"><figure><img decoding=\"async\" class=\"wp-block-themeisle-blocks-slider-item\" src=\"https:\/\/musikhaus-ev-berlin.de\/wp-content\/uploads\/2026\/03\/Banner-Website-Musikhaus-3-scaled.jpg\" alt=\"\" title=\"\" data-id=\"2766\"\/><\/figure><\/div><div class=\"wp-block-themeisle-blocks-slider-item-wrapper glide__slide\" tabindex=\"0\"><figure><img decoding=\"async\" class=\"wp-block-themeisle-blocks-slider-item\" src=\"https:\/\/musikhaus-ev-berlin.de\/wp-content\/uploads\/2026\/03\/Banner-Website-Musikhaus-5-scaled.jpg\" alt=\"\" title=\"\" data-id=\"2768\"\/><\/figure><\/div><div class=\"wp-block-themeisle-blocks-slider-item-wrapper glide__slide\" tabindex=\"0\"><figure><img decoding=\"async\" class=\"wp-block-themeisle-blocks-slider-item\" src=\"https:\/\/musikhaus-ev-berlin.de\/wp-content\/uploads\/2026\/03\/Banner-Website-Musikhaus-2-scaled.jpg\" alt=\"\" title=\"\" data-id=\"2765\"\/><\/figure><\/div><div class=\"wp-block-themeisle-blocks-slider-item-wrapper glide__slide\" tabindex=\"0\"><figure><img decoding=\"async\" class=\"wp-block-themeisle-blocks-slider-item\" src=\"https:\/\/musikhaus-ev-berlin.de\/wp-content\/uploads\/2026\/03\/Banner-Website-Musikhaus-6-scaled.jpg\" alt=\"\" title=\"\" data-id=\"2767\"\/><\/figure><\/div><div class=\"wp-block-themeisle-blocks-slider-item-wrapper glide__slide\" tabindex=\"0\"><figure><img decoding=\"async\" class=\"wp-block-themeisle-blocks-slider-item\" src=\"https:\/\/musikhaus-ev-berlin.de\/wp-content\/uploads\/2024\/04\/DSC01668-1-scaled.jpg\" alt=\"\" title=\"\" data-id=\"2107\"\/><\/figure><\/div><div class=\"wp-block-themeisle-blocks-slider-item-wrapper glide__slide\" tabindex=\"0\"><figure><img decoding=\"async\" class=\"wp-block-themeisle-blocks-slider-item\" src=\"https:\/\/musikhaus-ev-berlin.de\/wp-content\/uploads\/2024\/11\/Bild-_-shutterstock_2037664565.jpg\" alt=\"\" title=\"\" data-id=\"2400\"\/><\/figure><\/div><div class=\"wp-block-themeisle-blocks-slider-item-wrapper glide__slide\" tabindex=\"0\"><figure><img decoding=\"async\" class=\"wp-block-themeisle-blocks-slider-item\" src=\"https:\/\/musikhaus-ev-berlin.de\/wp-content\/uploads\/2021\/06\/klavier_02.png\" alt=\"Foto Klavier\" title=\"Foto Klavier\" data-id=\"1205\"\/><\/figure><\/div><div class=\"wp-block-themeisle-blocks-slider-item-wrapper glide__slide\" tabindex=\"0\"><figure><img decoding=\"async\" class=\"wp-block-themeisle-blocks-slider-item\" src=\"https:\/\/musikhaus-ev-berlin.de\/wp-content\/uploads\/2025\/03\/KKT-Titelbild-scaled.jpg\" alt=\"\" title=\"\" data-id=\"2535\"\/><\/figure><\/div><div class=\"wp-block-themeisle-blocks-slider-item-wrapper glide__slide\" tabindex=\"0\"><figure><img decoding=\"async\" class=\"wp-block-themeisle-blocks-slider-item\" src=\"https:\/\/musikhaus-ev-berlin.de\/wp-content\/uploads\/2021\/06\/cello.png\" alt=\"Foto Cello\" title=\"Foto Cello\" data-id=\"1201\"\/><\/figure><\/div><div class=\"wp-block-themeisle-blocks-slider-item-wrapper glide__slide\" tabindex=\"0\"><figure><img decoding=\"async\" class=\"wp-block-themeisle-blocks-slider-item\" src=\"https:\/\/musikhaus-ev-berlin.de\/wp-content\/uploads\/2025\/06\/Pastel-Cute-Blank-A4-Document-Landscape.png-3-scaled.png\" alt=\"\" title=\"\" data-id=\"2610\"\/><\/figure><\/div><\/div><\/div><\/div>\n\n\n\n<h2 class=\"wp-block-heading has-text-align-center\" id=\"block-5e0392ae-d4f1-49ac-a3af-26fe7702acf6\"><\/h2>\n<\/div><\/div>\n\n\n\n<h2 class=\"wp-block-heading has-text-align-center has-nv-dark-bg-background-color has-background\">Lust verschiedene Instrumente kennenzulernen? Entdecke unser <a href=\"https:\/\/musikhaus-ev-berlin.de\/index.php\/instrumentenkarussell-2\/\">Instrumentenkarussell<\/a>! Ab 6 Jahren <\/h2>\n\n\n\n<h3 class=\"wp-block-heading has-text-align-center has-nv-dark-bg-background-color has-background\">-&gt; <a href=\"https:\/\/www.axinio.app\/booking\/forms\/trial\/3e3b6ce1-3417-42c9-938c-6818547cbef8\/\">Anmeldungen zur Probestunde<\/a> <br>Jetzt noch einen Platz sichern f\u00fcr die neuen Tanz-&amp; Bewegungskurse am Musikhaus <br>Di: <a href=\"https:\/\/musikhaus-ev-berlin.de\/index.php\/zumbini\/\" data-type=\"page\" data-id=\"2298\">Zumbini<\/a> + <a href=\"https:\/\/musikhaus-ev-berlin.de\/index.php\/kreativer-kindertanz-theater\/\">Kreativer Kindertanz &amp; Theater<\/a>  + <a href=\"https:\/\/musikhaus-ev-berlin.de\/index.php\/k-pop-tanzkurs\/\" data-type=\"link\" data-id=\"https:\/\/musikhaus-ev-berlin.de\/index.php\/k-pop-tanzkurs\/\">K-Pop Tanzkurs<\/a><\/h3>\n\n\n\n<h3 class=\"wp-block-heading has-text-align-center has-nv-dark-bg-background-color has-background\">*NEU AM MUSIKHAUS*: <a href=\"https:\/\/musikhaus-ev-berlin.de\/index.php\/baby-massage-kurs-mit-jemma\/\" data-type=\"link\" data-id=\"https:\/\/musikhaus-ev-berlin.de\/index.php\/baby-massage-kurs-mit-jemma\/\">Baby Massage Kurs<\/a> mit Jemma Louise Marsden <br>F\u00fcr Familien mit Babys von 4 Wochen bis zum Krabbelalter <\/h3>\n\n\n\n<p><\/p>\n\n\n\n<h2 class=\"wp-block-heading has-text-align-center has-neve-link-color-color has-text-color\" id=\"instrumentenkarussell\">Lust auf Singen? Entdecke deine Stimme im <a href=\"https:\/\/musikhaus-ev-berlin.de\/index.php\/rock-pop-jazz\/\">Pop- und Jazzgesangsunterricht <br>mit Lucia Fodde! <\/a><\/h2>\n\n\n\n<p><\/p>\n\n\n\n<hr class=\"wp-block-separator has-text-color has-neve-link-color-color has-css-opacity has-neve-link-color-background-color has-background is-style-default\"\/>\n\n\n\n<div class=\"wp-block-columns is-layout-flex wp-container-core-columns-is-layout-9d6595d7 wp-block-columns-is-layout-flex\">\n<div class=\"wp-block-column is-layout-flow wp-block-column-is-layout-flow\"><div class=\"wp-block-image\">\n<figure class=\"aligncenter size-large is-resized\"><img loading=\"lazy\" decoding=\"async\" width=\"853\" height=\"853\" src=\"http:\/\/musikhaus-ev-berlin.de\/wp-content\/uploads\/2021\/05\/cute-girl-playing-piano-1628763_1280.png\" alt=\"\" class=\"wp-image-822\" style=\"width:200px;height:200px\" srcset=\"https:\/\/musikhaus-ev-berlin.de\/wp-content\/uploads\/2021\/05\/cute-girl-playing-piano-1628763_1280.png 853w, https:\/\/musikhaus-ev-berlin.de\/wp-content\/uploads\/2021\/05\/cute-girl-playing-piano-1628763_1280-300x300.png 300w, https:\/\/musikhaus-ev-berlin.de\/wp-content\/uploads\/2021\/05\/cute-girl-playing-piano-1628763_1280-150x150.png 150w, https:\/\/musikhaus-ev-berlin.de\/wp-content\/uploads\/2021\/05\/cute-girl-playing-piano-1628763_1280-768x768.png 768w\" sizes=\"auto, (max-width: 853px) 100vw, 853px\" \/><\/figure>\n<\/div>\n\n\n<p class=\"has-text-align-center\"><strong>Kleinkinder\/Vorschule<\/strong><\/p>\n\n\n\n<p class=\"has-text-align-left\"><em>&#8222;Wo Kinder spielen, liegt ein Geheimnis vergraben.&#8220;<\/em><br>Walter Benjamin<\/p>\n\n\n\n<p class=\"has-text-align-left\">Mit der bewussten F\u00f6rderung der Musikalit\u00e4t kann nicht fr\u00fch genug begonnen werden, denn Musikalit\u00e4t entwickelt sich im fr\u00fchkindlichen Alter, noch vor der Sprachentwicklung.<br>Kinder auf altersgerechte Weise in die Welt der Musik einzuf\u00fchren ist Inhalt unserer Kurse f\u00fcr die musikalische Grundausbildung.<br>Wir starten mit den <a href=\"http:\/\/musikhaus-ev-berlin.de\/index.php\/musikzwerge\/\">Musikzwergen<\/a> f\u00fcr Kinder ab 1,5 Jahren, <a href=\"https:\/\/musikhaus-ev-berlin.de\/index.php\/musikwichtel\/\">Musikwichtel<\/a> ab 3 Jahren, <a href=\"http:\/\/musikhaus-ev-berlin.de\/index.php\/musikalische-frueherziehung\/\">Musikalische Fr\u00fcherziehung<\/a> ab 4 Jahren und der Kinderchor ab 5 Jahren.<br>Dann folgt das <a href=\"http:\/\/musikhaus-ev-berlin.de\/index.php\/instrumentenkarussell\/\">Instrumentenkarussell<\/a> f\u00fcr Kinder ab 6 Jahren.<\/p>\n\n\n\n<p>Neben unseren musikalischen <br>Angeboten, freuen wir uns auch einen Musik- und Bewegungskurs f\u00fcr die Kleinsten anbieten zu k\u00f6nnen: <a href=\"https:\/\/musikhaus-ev-berlin.de\/index.php\/zumbini\/\" data-type=\"page\" data-id=\"2298\">ZUMBINI Kurs mit Jemma Louise Marsden<\/a>. In Begleitung eines Erwachsenen findet der Kurs jeden Dienstag statt. F\u00fcr Kinder von 3 Monaten bis 4 Jahren.<\/p>\n<\/div>\n\n\n\n<div class=\"wp-block-column is-layout-flow wp-block-column-is-layout-flow\"><div class=\"wp-block-image\">\n<figure class=\"aligncenter size-large is-resized\"><img loading=\"lazy\" decoding=\"async\" width=\"914\" height=\"914\" src=\"http:\/\/musikhaus-ev-berlin.de\/wp-content\/uploads\/2021\/05\/boy-5544548_1280.png\" alt=\"\" class=\"wp-image-823\" style=\"width:200px;height:200px\" srcset=\"https:\/\/musikhaus-ev-berlin.de\/wp-content\/uploads\/2021\/05\/boy-5544548_1280.png 914w, https:\/\/musikhaus-ev-berlin.de\/wp-content\/uploads\/2021\/05\/boy-5544548_1280-300x300.png 300w, https:\/\/musikhaus-ev-berlin.de\/wp-content\/uploads\/2021\/05\/boy-5544548_1280-150x150.png 150w, https:\/\/musikhaus-ev-berlin.de\/wp-content\/uploads\/2021\/05\/boy-5544548_1280-768x768.png 768w\" sizes=\"auto, (max-width: 914px) 100vw, 914px\" \/><\/figure>\n<\/div>\n\n\n<p class=\"has-text-align-center\"><strong>Kinder\/Jugendliche<\/strong><\/p>\n\n\n\n<p class=\"has-text-align-left\">Im Alter von 6 Jahren kann mit dem Instrumentalunterricht begonnen werden und der Kinderchor I besucht werden.<br>Das <a href=\"http:\/\/musikhaus-ev-berlin.de\/index.php\/instrumentenkarussell\/\">Instrumentenkarussell<\/a> bietet die M\u00f6glichkeit, die Vielfalt der Instrumente kennenzulernen, um sich dann f\u00fcr das zu erlernende Instrument entscheiden zu k\u00f6nnen.<br>Wenn die Instrumentenwahl schon feststeht, kannst Du eine Probestunde buchen. Wir bieten Unterricht in vielen Instrumenten und Gesang auch in verschiedenen Sprachen an. <a href=\"https:\/\/musikhaus-ev-berlin.de\/index.php\/instrumentenverleih\/\">Leihinstrumente<\/a> stehen Dir dabei zur Verf\u00fcgung!<br>Unsere Ch\u00f6re und Ensembles freuen sich auf neue Mitglieder, und Bands finden in unserem Schlagzeugkeller ein Zuhause!<br><br><br>Weitere Tanz- und Bewegungskurse bei unserer Dozentin Jemma sind:  <a href=\"https:\/\/musikhaus-ev-berlin.de\/index.php\/neu-kreativer-kindertanz-und-theater\/\" data-type=\"page\" data-id=\"2314\">Kreativen Kindertanz und Theater-Kurs <\/a> (4-7 Jahre) und K-Pop Tanzkurs (8-10 Jahre). Beide Kurse finden jeden Dienstag statt. <br><\/p>\n<\/div>\n\n\n\n<div class=\"wp-block-column is-layout-flow wp-block-column-is-layout-flow\"><div class=\"wp-block-image\">\n<figure class=\"aligncenter size-large is-resized\"><img loading=\"lazy\" decoding=\"async\" width=\"720\" height=\"720\" src=\"http:\/\/musikhaus-ev-berlin.de\/wp-content\/uploads\/2021\/07\/start_erwachsene.png\" alt=\"Foto Kind und Mann am Klavier\" class=\"wp-image-1353\" style=\"width:200px;height:200px\" srcset=\"https:\/\/musikhaus-ev-berlin.de\/wp-content\/uploads\/2021\/07\/start_erwachsene.png 720w, https:\/\/musikhaus-ev-berlin.de\/wp-content\/uploads\/2021\/07\/start_erwachsene-300x300.png 300w, https:\/\/musikhaus-ev-berlin.de\/wp-content\/uploads\/2021\/07\/start_erwachsene-150x150.png 150w\" sizes=\"auto, (max-width: 720px) 100vw, 720px\" \/><\/figure>\n<\/div>\n\n\n<p class=\"has-text-align-center\"><strong>Erwachsene<\/strong><\/p>\n\n\n\n<p class=\"has-text-align-left\">Es ist nie zu sp\u00e4t!<br>Musik ist nicht nur ein sch\u00f6nes Hobby, sondern f\u00f6rdert Wahrnehmung, Abstraktions-, Koordinations- und Konzentrationsf\u00e4higkeit und h\u00e4lt damit geistig fit!<br>Ob Sie ein Instrument wieder auffrischen oder sich einen Kindheitswunsch erf\u00fcllen wollen, oder ob in Ihrem beruflichen Umfeld eine musikalische Ausbildung hilfreich w\u00e4re &#8211; alles ist m\u00f6glich.<br>Gesang ist die Erweiterung der Sprache, die uns Zeit unseres Lebens zur Verf\u00fcgung steht und in unseren Ch\u00f6ren und Ensembles finden Sie Gleichgesinnte und k\u00f6nnen Musik in Gemeinschaft erleben.<br>Melden Sie sich bei uns, egal welchen Alters, Sie sind nicht allein und wir finden etwas f\u00fcr Sie!<\/p>\n<\/div>\n<\/div>\n\n\n\n<p><\/p>\n<\/div><\/div>\n\n\n\n<div class=\"wp-block-cover aligncenter ticss-70ee658b\" style=\"min-height:400px;aspect-ratio:unset;\"><span aria-hidden=\"true\" class=\"wp-block-cover__background has-nv-c-2-background-color has-background-dim-100 has-background-dim\"><\/span><div class=\"wp-block-cover__inner-container is-layout-flow wp-block-cover-is-layout-flow\">\n<div style=\"height:40px\" aria-hidden=\"true\" class=\"wp-block-spacer\"><\/div>\n\n\n\n<h2 class=\"wp-block-heading has-text-align-center has-nv-site-bg-color has-text-color\" id=\"aktuelles-im-musikhaus\">Aktuelles im Musikhaus<\/h2>\n\n\n\n<div style=\"height:20px\" aria-hidden=\"true\" class=\"wp-block-spacer\"><\/div>\n\n\n\n<div class=\"wp-block-columns is-layout-flex wp-container-core-columns-is-layout-9d6595d7 wp-block-columns-is-layout-flex\">\n<div class=\"wp-block-column is-layout-flow wp-block-column-is-layout-flow\">\n<h4 class=\"wp-block-heading has-neve-text-color-color has-text-color\" id=\"wir-suchen-lehrer\">Wir suchen Lehrer<\/h4>\n\n\n\n<p class=\"has-neve-text-color-color has-text-color\">f\u00fcr Musikalische Fr\u00fcherziehung, Klavier,  Cello und Block-\/Querfl\u00f6te.<br>Bitte melden Sie sich per Mail an <a href=\"mailto:info@musikhaus-ev.de\"><mark style=\"background-color:rgba(0, 0, 0, 0)\" class=\"has-inline-color has-neve-link-color-color\">info@musikhaus-ev.de<\/mark><\/a><br>Wir freuen uns auf Ihre Bewerbung.<\/p>\n<\/div>\n\n\n\n<div class=\"wp-block-column is-layout-flow wp-block-column-is-layout-flow\">\n<h4 class=\"wp-block-heading has-neve-text-color-color has-text-color\" id=\"fur-kinder\">F\u00fcr kleine Kinder<\/h4>\n\n\n\n<p class=\"has-neve-text-color-color has-text-color\">Wir nehmen neue Kinder auf in der Musikalischen Grundausbildung, den <a href=\"http:\/\/musikhaus-ev-berlin.de\/index.php\/kinderchor-i\/\"><span class=\"has-inline-color has-neve-link-color-color\">Kinderch\u00f6ren<\/span><\/a> und im <a href=\"http:\/\/musikhaus-ev-berlin.de\/index.php\/instrumentenkarussell\/\"><span class=\"has-inline-color has-neve-link-color-color\">Instrumentenkarussell<\/span><\/a>.<\/p>\n\n\n\n<p><strong>*NEU*<\/strong> f\u00fcr Kinder ab 3 Monaten bis <br>4 Jahren in Begleitung eines Erwachsenen<br><strong><a href=\"https:\/\/musikhaus-ev-berlin.de\/index.php\/zumbini\/\" data-type=\"page\" data-id=\"2298\">ZUMBINI mit Jemma Louise Marsen <\/a><\/strong>&#8211; jeden Dienstag von 15:45- 16:30 Uhr <\/p>\n<\/div>\n\n\n\n<div class=\"wp-block-column is-layout-flow wp-block-column-is-layout-flow\">\n<h4 class=\"wp-block-heading has-neve-text-color-color has-text-color\" id=\"neue-platze\">F\u00fcr gr\u00f6\u00dfere Kinder<\/h4>\n\n\n\n<p class=\"has-neve-text-color-color has-text-color\">F\u00fcr den Gesang- und Instrumentalunterricht stehen einige neue Pl\u00e4tze zur Verf\u00fcgung.<\/p>\n\n\n\n<p class=\"has-neve-text-color-color has-text-color\"><strong>*NEU* <\/strong>f\u00fcr Kinder von 4 &#8211; 7 Jahre <br><strong><a href=\"https:\/\/musikhaus-ev-berlin.de\/index.php\/neu-kreativer-kindertanz-und-theater\/\" data-type=\"page\" data-id=\"2314\">Kreativer Kindertanz und Theater<\/a><\/strong> mit Jemma Louise Marsden &#8211; jeden Dienstag von 16:30 &#8211; 17:15 Uhr <\/p>\n<\/div>\n<\/div>\n\n\n\n<p><\/p>\n<\/div><\/div>\n\n\n\n<p><\/p>\n","protected":false},"excerpt":{"rendered":"<p>Lust verschiedene Instrumente kennenzulernen? Entdecke unser Instrumentenkarussell! Ab 6 Jahren -&gt; Anmeldungen zur Probestunde Jetzt noch einen Platz sichern f\u00fcr die neuen Tanz-&amp; Bewegungskurse am Musikhaus Di: Zumbini + Kreativer Kindertanz &amp; Theater + K-Pop Tanzkurs *NEU AM MUSIKHAUS*: Baby Massage Kurs mit Jemma Louise Marsden F\u00fcr Familien mit Babys von 4 Wochen bis zum&hellip;&nbsp;<a href=\"https:\/\/musikhaus-ev-berlin.de\/\" rel=\"bookmark\">Weiterlesen &raquo;<span class=\"screen-reader-text\">Home<\/span><\/a><\/p>\n","protected":false},"author":1,"featured_media":0,"parent":0,"menu_order":0,"comment_status":"closed","ping_status":"closed","template":"","meta":{"neve_meta_sidebar":"full-width","neve_meta_container":"contained","neve_meta_enable_content_width":"on","neve_meta_content_width":100,"neve_meta_title_alignment":"","neve_meta_author_avatar":"","neve_post_elements_order":"","neve_meta_disable_header":"","neve_meta_disable_footer":"","neve_meta_disable_title":"on","_themeisle_gutenberg_block_has_review":false,"footnotes":""},"class_list":["post-5","page","type-page","status-publish","hentry"],"_links":{"self":[{"href":"https:\/\/musikhaus-ev-berlin.de\/index.php\/wp-json\/wp\/v2\/pages\/5","targetHints":{"allow":["GET"]}}],"collection":[{"href":"https:\/\/musikhaus-ev-berlin.de\/index.php\/wp-json\/wp\/v2\/pages"}],"about":[{"href":"https:\/\/musikhaus-ev-berlin.de\/index.php\/wp-json\/wp\/v2\/types\/page"}],"author":[{"embeddable":true,"href":"https:\/\/musikhaus-ev-berlin.de\/index.php\/wp-json\/wp\/v2\/users\/1"}],"replies":[{"embeddable":true,"href":"https:\/\/musikhaus-ev-berlin.de\/index.php\/wp-json\/wp\/v2\/comments?post=5"}],"version-history":[{"count":224,"href":"https:\/\/musikhaus-ev-berlin.de\/index.php\/wp-json\/wp\/v2\/pages\/5\/revisions"}],"predecessor-version":[{"id":2780,"href":"https:\/\/musikhaus-ev-berlin.de\/index.php\/wp-json\/wp\/v2\/pages\/5\/revisions\/2780"}],"wp:attachment":[{"href":"https:\/\/musikhaus-ev-berlin.de\/index.php\/wp-json\/wp\/v2\/media?parent=5"}],"curies":[{"name":"wp","href":"https:\/\/api.w.org\/{rel}","templated":true}]}}