{"id":510,"date":"2021-04-26T14:32:22","date_gmt":"2021-04-26T12:32:22","guid":{"rendered":"http:\/\/musikhaus-ev-berlin.de\/?page_id=510"},"modified":"2021-07-01T14:22:48","modified_gmt":"2021-07-01T12:22:48","slug":"trompeten-ensemble","status":"publish","type":"page","link":"https:\/\/musikhaus-ev-berlin.de\/index.php\/trompeten-ensemble\/","title":{"rendered":"Trompeten-Ensemble"},"content":{"rendered":"\n<h2 class=\"has-nv-c-1-color has-text-color wp-block-heading\">Trompeten-Ensemble<\/h2>\n\n\n\n<hr class=\"wp-block-separator has-text-color has-background has-neve-link-color-background-color has-neve-link-color-color is-style-wide\"\/>\n\n\n\n<div class=\"wp-block-columns is-layout-flex wp-container-core-columns-is-layout-9d6595d7 wp-block-columns-is-layout-flex\">\n<div class=\"wp-block-column is-layout-flow wp-block-column-is-layout-flow\">\n<figure class=\"wp-block-image size-large is-style-default\"><img loading=\"lazy\" decoding=\"async\" width=\"350\" height=\"235\" src=\"http:\/\/musikhaus-ev-berlin.de\/wp-content\/uploads\/2021\/04\/musikschule-berlin-trompete_web.jpg\" alt=\"\" class=\"wp-image-513\" srcset=\"https:\/\/musikhaus-ev-berlin.de\/wp-content\/uploads\/2021\/04\/musikschule-berlin-trompete_web.jpg 350w, https:\/\/musikhaus-ev-berlin.de\/wp-content\/uploads\/2021\/04\/musikschule-berlin-trompete_web-300x201.jpg 300w\" sizes=\"auto, (max-width: 350px) 100vw, 350px\" \/><\/figure>\n<\/div>\n\n\n\n<div class=\"wp-block-column is-layout-flow wp-block-column-is-layout-flow\">\n<p>Das Trompeten-Ensemble wurde 2014 gegr\u00fcndet und verj\u00fcngt sich st\u00e4ndig.<\/p>\n\n\n\n<p>Das praktische Musizieren im Ensemble f\u00f6rdert die allgemeinen Grundbedingungen des Lernens wie Konzentrationsf\u00e4higkeit, Motivation, positives Gruppenklima und Sozialverhalten. Die Sch\u00fclerInnen lernen sensibel aufeinander zu reagieren und das Zusammenspiel zu organisieren, sowie sicheres und selbstbewusstes Auftreten vor anderen.<\/p>\n\n\n\n<p>Ziel jeder Probe ist die gemeinsame Erarbeitung einer neuen Interpretation, um das musikalische Repertoire aus Klassik, Pop, Jazz und Volksmusik st\u00e4ndig zu erweitern. Der Schwierigkeitsgrad der St\u00fccke wird dem Leistungsstand der Sch\u00fclerInnen angepasst.<\/p>\n\n\n\n<p>H\u00f6hepunkte der Ensemblearbeit sind die Auftritte innerhalb der Musikschule und dar\u00fcber hinaus. Gelegentlich gibt es auch gemeinsame Konzerte mit dem Saxophonensemble unseres Hauses.<\/p>\n\n\n\n<p>Die Proben finden ein\u2014 bis zweimal monatlich nach Absprache statt und dauern 90 Minuten.<\/p>\n\n\n\n<p>Die Probezeit betr\u00e4gt 4 Unterrichtseinheiten.<\/p>\n\n\n\n<p><strong>Leitung: J\u00f6rg von Nolting<\/strong><\/p>\n\n\n\n<div style=\"height:20px\" aria-hidden=\"true\" class=\"wp-block-spacer\"><\/div>\n\n\n\n<figure class=\"wp-block-image size-large is-resized is-style-default\"><img loading=\"lazy\" decoding=\"async\" src=\"http:\/\/musikhaus-ev-berlin.de\/wp-content\/uploads\/2021\/06\/kreis_gruen_transparent.png\" alt=\"Musikhaus Kreislogo\" class=\"wp-image-955\" width=\"50\" height=\"50\" srcset=\"https:\/\/musikhaus-ev-berlin.de\/wp-content\/uploads\/2021\/06\/kreis_gruen_transparent.png 578w, https:\/\/musikhaus-ev-berlin.de\/wp-content\/uploads\/2021\/06\/kreis_gruen_transparent-300x297.png 300w, https:\/\/musikhaus-ev-berlin.de\/wp-content\/uploads\/2021\/06\/kreis_gruen_transparent-150x150.png 150w\" sizes=\"auto, (max-width: 50px) 100vw, 50px\" \/><\/figure>\n<\/div>\n<\/div>\n","protected":false},"excerpt":{"rendered":"<p>Trompeten-Ensemble Das Trompeten-Ensemble wurde 2014 gegr\u00fcndet und verj\u00fcngt sich st\u00e4ndig. Das praktische Musizieren im Ensemble f\u00f6rdert die allgemeinen Grundbedingungen des Lernens wie Konzentrationsf\u00e4higkeit, Motivation, positives Gruppenklima und Sozialverhalten. Die Sch\u00fclerInnen lernen sensibel aufeinander zu reagieren und das Zusammenspiel zu organisieren, sowie sicheres und selbstbewusstes Auftreten vor anderen. Ziel jeder Probe ist die gemeinsame Erarbeitung einer&hellip;&nbsp;<a href=\"https:\/\/musikhaus-ev-berlin.de\/index.php\/trompeten-ensemble\/\" rel=\"bookmark\">Weiterlesen &raquo;<span class=\"screen-reader-text\">Trompeten-Ensemble<\/span><\/a><\/p>\n","protected":false},"author":1,"featured_media":0,"parent":0,"menu_order":0,"comment_status":"closed","ping_status":"closed","template":"","meta":{"neve_meta_sidebar":"default","neve_meta_container":"contained","neve_meta_enable_content_width":"on","neve_meta_content_width":100,"neve_meta_title_alignment":"","neve_meta_author_avatar":"","neve_post_elements_order":"","neve_meta_disable_header":"","neve_meta_disable_footer":"","neve_meta_disable_title":"on","_themeisle_gutenberg_block_has_review":false,"footnotes":""},"class_list":["post-510","page","type-page","status-publish","hentry"],"_links":{"self":[{"href":"https:\/\/musikhaus-ev-berlin.de\/index.php\/wp-json\/wp\/v2\/pages\/510","targetHints":{"allow":["GET"]}}],"collection":[{"href":"https:\/\/musikhaus-ev-berlin.de\/index.php\/wp-json\/wp\/v2\/pages"}],"about":[{"href":"https:\/\/musikhaus-ev-berlin.de\/index.php\/wp-json\/wp\/v2\/types\/page"}],"author":[{"embeddable":true,"href":"https:\/\/musikhaus-ev-berlin.de\/index.php\/wp-json\/wp\/v2\/users\/1"}],"replies":[{"embeddable":true,"href":"https:\/\/musikhaus-ev-berlin.de\/index.php\/wp-json\/wp\/v2\/comments?post=510"}],"version-history":[{"count":20,"href":"https:\/\/musikhaus-ev-berlin.de\/index.php\/wp-json\/wp\/v2\/pages\/510\/revisions"}],"predecessor-version":[{"id":1323,"href":"https:\/\/musikhaus-ev-berlin.de\/index.php\/wp-json\/wp\/v2\/pages\/510\/revisions\/1323"}],"wp:attachment":[{"href":"https:\/\/musikhaus-ev-berlin.de\/index.php\/wp-json\/wp\/v2\/media?parent=510"}],"curies":[{"name":"wp","href":"https:\/\/api.w.org\/{rel}","templated":true}]}}