{"id":997,"date":"2021-06-28T08:58:12","date_gmt":"2021-06-28T06:58:12","guid":{"rendered":"http:\/\/musikhaus-ev-berlin.de\/?page_id=997"},"modified":"2024-09-16T13:33:57","modified_gmt":"2024-09-16T11:33:57","slug":"musikzwerge","status":"publish","type":"page","link":"https:\/\/musikhaus-ev-berlin.de\/index.php\/musikzwerge\/","title":{"rendered":"Musikzwerge"},"content":{"rendered":"\n<h2 class=\"wp-block-heading has-nv-c-1-color has-text-color\">Musikzwerge<\/h2>\n\n\n\n<hr class=\"wp-block-separator has-text-color has-neve-link-color-color has-css-opacity has-neve-link-color-background-color has-background is-style-wide\"\/>\n\n\n\n<div class=\"wp-block-columns is-layout-flex wp-container-core-columns-is-layout-9d6595d7 wp-block-columns-is-layout-flex\">\n<div class=\"wp-block-column is-layout-flow wp-block-column-is-layout-flow\">\n<figure class=\"wp-block-image size-large\"><img loading=\"lazy\" decoding=\"async\" width=\"2560\" height=\"1920\" src=\"https:\/\/musikhaus-ev-berlin.de\/wp-content\/uploads\/2022\/06\/Frueherziehung-1-edited-scaled.jpg\" alt=\"\" class=\"wp-image-1744\" srcset=\"https:\/\/musikhaus-ev-berlin.de\/wp-content\/uploads\/2022\/06\/Frueherziehung-1-edited-scaled.jpg 2560w, https:\/\/musikhaus-ev-berlin.de\/wp-content\/uploads\/2022\/06\/Frueherziehung-1-edited-300x225.jpg 300w, https:\/\/musikhaus-ev-berlin.de\/wp-content\/uploads\/2022\/06\/Frueherziehung-1-edited-1024x768.jpg 1024w, https:\/\/musikhaus-ev-berlin.de\/wp-content\/uploads\/2022\/06\/Frueherziehung-1-edited-768x576.jpg 768w, https:\/\/musikhaus-ev-berlin.de\/wp-content\/uploads\/2022\/06\/Frueherziehung-1-edited-1536x1152.jpg 1536w, https:\/\/musikhaus-ev-berlin.de\/wp-content\/uploads\/2022\/06\/Frueherziehung-1-edited-2048x1536.jpg 2048w\" sizes=\"auto, (max-width: 2560px) 100vw, 2560px\" \/><\/figure>\n<\/div>\n\n\n\n<div class=\"wp-block-column is-layout-flow wp-block-column-is-layout-flow\">\n<p>Irgendwie muss alles anfangen. Musik lernen auch, und warum?<\/p>\n\n\n\n<p>Am wichtigsten ist vielleicht, dass sie Freude macht und einen gro\u00dfen Einfluss auf die emotionale und intellektuelle Entwicklung hat.<\/p>\n\n\n\n<p>&#8222;Wenn wir den sch\u00f6nen Samen der Musik nicht im fr\u00fchesten Alter pflanzen, werden wir es sp\u00e4ter vergeblich versuchen: das Unkraut wird die Seele \u00fcberw\u00e4ltigen. Gibt es eine sch\u00f6nere Berufung als die Aussaat des ersten guten Samens in einem neuen Garten?&#8220; <br><em>Zolt\u00e1n Kod\u00e1ly<\/em><\/p>\n\n\n\n<p><strong>Donnerstags, 16.30 Uhr bis 17.15 Uhr<br>Alter 1,5 bis 3 Jahre mit einem Erwachsenen<br>Lehrerin<\/strong>: <strong>Shirley Chu<\/strong><\/p>\n\n\n\n<p><\/p>\n\n\n\n<div style=\"height:20px\" aria-hidden=\"true\" class=\"wp-block-spacer\"><\/div>\n\n\n\n<figure class=\"wp-block-image size-large is-resized is-style-default\"><img loading=\"lazy\" decoding=\"async\" src=\"http:\/\/musikhaus-ev-berlin.de\/wp-content\/uploads\/2021\/06\/kreis_gruen_transparent.png\" alt=\"Musikhaus Kreislogo\" class=\"wp-image-955\" width=\"50\" height=\"50\" srcset=\"https:\/\/musikhaus-ev-berlin.de\/wp-content\/uploads\/2021\/06\/kreis_gruen_transparent.png 578w, https:\/\/musikhaus-ev-berlin.de\/wp-content\/uploads\/2021\/06\/kreis_gruen_transparent-300x297.png 300w, https:\/\/musikhaus-ev-berlin.de\/wp-content\/uploads\/2021\/06\/kreis_gruen_transparent-150x150.png 150w\" sizes=\"auto, (max-width: 50px) 100vw, 50px\" \/><\/figure>\n<\/div>\n<\/div>\n","protected":false},"excerpt":{"rendered":"<p>Musikzwerge Irgendwie muss alles anfangen. Musik lernen auch, und warum? Am wichtigsten ist vielleicht, dass sie Freude macht und einen gro\u00dfen Einfluss auf die emotionale und intellektuelle Entwicklung hat. &#8222;Wenn wir den sch\u00f6nen Samen der Musik nicht im fr\u00fchesten Alter pflanzen, werden wir es sp\u00e4ter vergeblich versuchen: das Unkraut wird die Seele \u00fcberw\u00e4ltigen. Gibt es&hellip;&nbsp;<a href=\"https:\/\/musikhaus-ev-berlin.de\/index.php\/musikzwerge\/\" rel=\"bookmark\">Weiterlesen &raquo;<span class=\"screen-reader-text\">Musikzwerge<\/span><\/a><\/p>\n","protected":false},"author":1,"featured_media":0,"parent":0,"menu_order":0,"comment_status":"closed","ping_status":"closed","template":"","meta":{"neve_meta_sidebar":"full-width","neve_meta_container":"contained","neve_meta_enable_content_width":"on","neve_meta_content_width":100,"neve_meta_title_alignment":"","neve_meta_author_avatar":"","neve_post_elements_order":"","neve_meta_disable_header":"","neve_meta_disable_footer":"","neve_meta_disable_title":"on","_themeisle_gutenberg_block_has_review":false,"footnotes":""},"class_list":["post-997","page","type-page","status-publish","hentry"],"_links":{"self":[{"href":"https:\/\/musikhaus-ev-berlin.de\/index.php\/wp-json\/wp\/v2\/pages\/997","targetHints":{"allow":["GET"]}}],"collection":[{"href":"https:\/\/musikhaus-ev-berlin.de\/index.php\/wp-json\/wp\/v2\/pages"}],"about":[{"href":"https:\/\/musikhaus-ev-berlin.de\/index.php\/wp-json\/wp\/v2\/types\/page"}],"author":[{"embeddable":true,"href":"https:\/\/musikhaus-ev-berlin.de\/index.php\/wp-json\/wp\/v2\/users\/1"}],"replies":[{"embeddable":true,"href":"https:\/\/musikhaus-ev-berlin.de\/index.php\/wp-json\/wp\/v2\/comments?post=997"}],"version-history":[{"count":25,"href":"https:\/\/musikhaus-ev-berlin.de\/index.php\/wp-json\/wp\/v2\/pages\/997\/revisions"}],"predecessor-version":[{"id":2273,"href":"https:\/\/musikhaus-ev-berlin.de\/index.php\/wp-json\/wp\/v2\/pages\/997\/revisions\/2273"}],"wp:attachment":[{"href":"https:\/\/musikhaus-ev-berlin.de\/index.php\/wp-json\/wp\/v2\/media?parent=997"}],"curies":[{"name":"wp","href":"https:\/\/api.w.org\/{rel}","templated":true}]}}